{"id":11,"date":"2020-03-22T10:19:25","date_gmt":"2020-03-22T10:19:25","guid":{"rendered":"http:\/\/klbtheme.com\/sosso\/?page_id=11"},"modified":"2020-06-30T16:11:53","modified_gmt":"2020-06-30T21:11:53","slug":"home","status":"publish","type":"page","link":"https:\/\/fosfonorte.com\/web\/","title":{"rendered":"Inicio"},"content":{"rendered":"\t\t<div data-elementor-type=\"wp-page\" data-elementor-id=\"11\" class=\"elementor elementor-11\">\n\t\t\t\t\t\t<section class=\"elementor-section elementor-top-section elementor-element elementor-element-4728a317 elementor-section-full_width elementor-section-height-default elementor-section-height-default\" data-id=\"4728a317\" data-element_type=\"section\">\n\t\t\t\t\t\t<div class=\"elementor-container elementor-column-gap-no\">\n\t\t\t\t\t<div class=\"elementor-column elementor-col-100 elementor-top-column elementor-element elementor-element-2b8e5c34\" data-id=\"2b8e5c34\" data-element_type=\"column\">\n\t\t\t<div class=\"elementor-widget-wrap elementor-element-populated\">\n\t\t\t\t\t\t<div class=\"elementor-element elementor-element-1318a5f4 elementor-widget elementor-widget-sosso-home-hero\" data-id=\"1318a5f4\" data-element_type=\"widget\" data-widget_type=\"sosso-home-hero.default\">\n\t\t\t\t<div class=\"elementor-widget-container\">\n\t\t\t\t\t<section class=\"banner-area-2\"><div class=\"banner-item bg_cover\" style=\"background-image: url(https:\/\/klbtheme.com\/sosso\/wp-content\/uploads\/2020\/04\/banner-bg-3.jpg)\"><div class=\"container\"><div class=\"row justify-content-center\"><div class=\"col-lg-9\"><div class=\"banner-content text-center\"><span>Productos naturales para mejorar<\/span><h1 class=\"title\">la fertilidad de los suelos<\/h1><ul><li><a href=\"https:\/\/fosfonorte.com\/web\/productos\/\" class=\"main-btn\" >Ver Productos <i class=\"far fa-plus\"><\/i><\/a><\/li><li><a href=\"https:\/\/fosfonorte.com\/web\/quienes-somos\/\" class=\"main-btn main-btn-2\" >Sobre Nosotros <i class=\"far fa-plus\"><\/i><\/a><\/li><\/ul><\/div><\/div><\/div><\/div><\/div><\/section>\t\t\t\t<\/div>\n\t\t\t\t<\/div>\n\t\t\t\t\t<\/div>\n\t\t<\/div>\n\t\t\t\t\t<\/div>\n\t\t<\/section>\n\t\t\t\t<section class=\"elementor-section elementor-top-section elementor-element elementor-element-49ce55c5 elementor-section-full_width elementor-section-height-default elementor-section-height-default\" data-id=\"49ce55c5\" data-element_type=\"section\">\n\t\t\t\t\t\t<div class=\"elementor-container elementor-column-gap-no\">\n\t\t\t\t\t<div class=\"elementor-column elementor-col-100 elementor-top-column elementor-element elementor-element-2fd22468\" data-id=\"2fd22468\" data-element_type=\"column\">\n\t\t\t<div class=\"elementor-widget-wrap elementor-element-populated\">\n\t\t\t\t\t\t<div class=\"elementor-element elementor-element-39c1e28b elementor-widget elementor-widget-sosso-product-grid\" data-id=\"39c1e28b\" data-element_type=\"widget\" data-widget_type=\"sosso-product-grid.default\">\n\t\t\t\t<div class=\"elementor-widget-container\">\n\t\t\t\t\t\t\t\n\t\t<section class=\"store-2-area pt-120 pb-130\"><div class=\"container\"><div class=\"row justify-content-center\"><div class=\"col-lg-5 col-md-8 col-sm-7\"><div class=\"section-title section-title-2 text-center\"><span>Nuestros Productos<\/span><h3 class=\"title\">100% de calidad<\/h3><\/div><\/div><\/div><div class=\"row justify-content-center\"><div class=\"col-lg-4 col-md-6 col-sm-8\"><div class=\"store-item text-center bg-white mt-30\"><img decoding=\"async\" src=\"https:\/\/fosfonorte.com\/web\/wp-content\/uploads\/2020\/06\/007-304x173.jpg\" alt=\"Fosfoindustrial 35%\"><div class=\"store-title d-flex justify-content-between align-items-center\"><a href=\"https:\/\/fosfonorte.com\/web\/product\/fosfoindustrial-35\/\"><h5 class=\"title\">Fosfoindustrial 35%<\/h5><\/a><\/div><div class=\"store-price d-flex justify-content-between align-items-center\"><p><span class=\"woocommerce-Price-amount amount\"><bdi><span class=\"woocommerce-Price-currencySymbol\">&#36;<\/span>0<\/bdi><\/span><\/p><\/div><\/div><\/div><div class=\"col-lg-4 col-md-6 col-sm-8\"><div class=\"store-item text-center bg-white mt-30\"><img decoding=\"async\" src=\"https:\/\/fosfonorte.com\/web\/wp-content\/uploads\/2020\/06\/006-304x173.jpg\" alt=\"Fertifoscal 30%\"><div class=\"store-title d-flex justify-content-between align-items-center\"><a href=\"https:\/\/fosfonorte.com\/web\/product\/fertifoscal-30\/\"><h5 class=\"title\">Fertifoscal 30%<\/h5><\/a><\/div><div class=\"store-price d-flex justify-content-between align-items-center\"><p><span class=\"woocommerce-Price-amount amount\"><bdi><span class=\"woocommerce-Price-currencySymbol\">&#36;<\/span>0<\/bdi><\/span><\/p><\/div><\/div><\/div><div class=\"col-lg-4 col-md-6 col-sm-8\"><div class=\"store-item text-center bg-white mt-30\"><img decoding=\"async\" src=\"https:\/\/fosfonorte.com\/web\/wp-content\/uploads\/2020\/06\/005-304x173.jpg\" alt=\"Fosfoabono 25%\"><div class=\"store-title d-flex justify-content-between align-items-center\"><a href=\"https:\/\/fosfonorte.com\/web\/product\/fosfoabono-25\/\"><h5 class=\"title\">Fosfoabono 25%<\/h5><\/a><\/div><div class=\"store-price d-flex justify-content-between align-items-center\"><p><span class=\"woocommerce-Price-amount amount\"><bdi><span class=\"woocommerce-Price-currencySymbol\">&#36;<\/span>0<\/bdi><\/span><\/p><\/div><\/div><\/div><div class=\"col-lg-4 col-md-6 col-sm-8\"><div class=\"store-item text-center bg-white mt-30\"><img decoding=\"async\" src=\"https:\/\/fosfonorte.com\/web\/wp-content\/uploads\/2020\/06\/004-304x173.jpg\" alt=\"Fosfoabono Organomineral\"><div class=\"store-title d-flex justify-content-between align-items-center\"><a href=\"https:\/\/fosfonorte.com\/web\/product\/fosfoabono-organomineral-2\/\"><h5 class=\"title\">Fosfoabono Organomineral<\/h5><\/a><\/div><div class=\"store-price d-flex justify-content-between align-items-center\"><p><span class=\"woocommerce-Price-amount amount\"><bdi><span class=\"woocommerce-Price-currencySymbol\">&#36;<\/span>0<\/bdi><\/span><\/p><\/div><\/div><\/div><div class=\"col-lg-4 col-md-6 col-sm-8\"><div class=\"store-item text-center bg-white mt-30\"><img decoding=\"async\" src=\"https:\/\/fosfonorte.com\/web\/wp-content\/uploads\/2020\/06\/003-304x173.jpg\" alt=\"Fosfoabono Organomineral\"><div class=\"store-title d-flex justify-content-between align-items-center\"><a href=\"https:\/\/fosfonorte.com\/web\/product\/fosfoabono-organomineral\/\"><h5 class=\"title\">Fosfoabono Organomineral<\/h5><\/a><\/div><div class=\"store-price d-flex justify-content-between align-items-center\"><p><span class=\"woocommerce-Price-amount amount\"><bdi><span class=\"woocommerce-Price-currencySymbol\">&#36;<\/span>0<\/bdi><\/span><\/p><\/div><\/div><\/div><div class=\"col-lg-4 col-md-6 col-sm-8\"><div class=\"store-item text-center bg-white mt-30\"><img decoding=\"async\" src=\"https:\/\/fosfonorte.com\/web\/wp-content\/uploads\/2020\/06\/002-304x173.jpg\" alt=\"Fosfoenmienda Inorg\u00e1nica\"><div class=\"store-title d-flex justify-content-between align-items-center\"><a href=\"https:\/\/fosfonorte.com\/web\/product\/fosfoenmienda-inorganica\/\"><h5 class=\"title\">Fosfoenmienda Inorg\u00e1nica<\/h5><\/a><\/div><div class=\"store-price d-flex justify-content-between align-items-center\"><p><span class=\"woocommerce-Price-amount amount\"><bdi><span class=\"woocommerce-Price-currencySymbol\">&#36;<\/span>0<\/bdi><\/span><\/p><\/div><\/div><\/div><div class=\"col-lg-4 col-md-6 col-sm-8\"><div class=\"store-item text-center bg-white mt-30\"><img decoding=\"async\" src=\"https:\/\/fosfonorte.com\/web\/wp-content\/uploads\/2020\/06\/001-304x173.jpg\" alt=\"Fosfoabono Inorg\u00e1nico\"><div class=\"store-title d-flex justify-content-between align-items-center\"><a href=\"https:\/\/fosfonorte.com\/web\/product\/fosfoabono-inorganico\/\"><h5 class=\"title\">Fosfoabono Inorg\u00e1nico<\/h5><\/a><\/div><div class=\"store-price d-flex justify-content-between align-items-center\"><p><span class=\"woocommerce-Price-amount amount\"><bdi><span class=\"woocommerce-Price-currencySymbol\">&#36;<\/span>0<\/bdi><\/span><\/p><\/div><\/div><\/div><\/div><\/div><\/section>\t\t\t\t<\/div>\n\t\t\t\t<\/div>\n\t\t\t\t\t<\/div>\n\t\t<\/div>\n\t\t\t\t\t<\/div>\n\t\t<\/section>\n\t\t\t\t<section class=\"elementor-section elementor-top-section elementor-element elementor-element-177a3ce7 elementor-section-content-middle elementor-section-boxed elementor-section-height-default elementor-section-height-default\" data-id=\"177a3ce7\" data-element_type=\"section\" data-settings=\"{&quot;background_background&quot;:&quot;classic&quot;}\">\n\t\t\t\t\t\t<div class=\"elementor-container elementor-column-gap-extended\">\n\t\t\t\t\t<div class=\"elementor-column elementor-col-50 elementor-top-column elementor-element elementor-element-588d499b\" data-id=\"588d499b\" data-element_type=\"column\">\n\t\t\t<div class=\"elementor-widget-wrap elementor-element-populated\">\n\t\t\t\t\t\t<div class=\"elementor-element elementor-element-32b474f2 elementor-widget elementor-widget-sosso-single-image\" data-id=\"32b474f2\" data-element_type=\"widget\" data-widget_type=\"sosso-single-image.default\">\n\t\t\t\t<div class=\"elementor-widget-container\">\n\t\t\t\t\t<div class=\"klb-single-image2 about-thumb\"><img decoding=\"async\" src=\"https:\/\/fosfonorte.com\/web\/wp-content\/uploads\/2020\/06\/bg-3-2.jpg\" alt=\"about\"><img decoding=\"async\" class=\"text\" src=\"\" alt=\"about-text\"><\/div>\t\t\t\t<\/div>\n\t\t\t\t<\/div>\n\t\t\t\t\t<\/div>\n\t\t<\/div>\n\t\t\t\t<div class=\"elementor-column elementor-col-50 elementor-top-column elementor-element elementor-element-4c8403ca\" data-id=\"4c8403ca\" data-element_type=\"column\">\n\t\t\t<div class=\"elementor-widget-wrap elementor-element-populated\">\n\t\t\t\t\t\t<div class=\"elementor-element elementor-element-580c6f83 elementor-widget elementor-widget-sosso-custom-title\" data-id=\"580c6f83\" data-element_type=\"widget\" data-widget_type=\"sosso-custom-title.default\">\n\t\t\t\t<div class=\"elementor-widget-container\">\n\t\t\t\t\t<div class=\"klb-custom-title\"><span>Productos naturales<\/span><h3 class=\"title\">Lo Natural siempre ha sido lo Mejor<\/h3><\/div>\t\t\t\t<\/div>\n\t\t\t\t<\/div>\n\t\t\t\t<div class=\"elementor-element elementor-element-71d37840 elementor-widget elementor-widget-text-editor\" data-id=\"71d37840\" data-element_type=\"widget\" data-widget_type=\"text-editor.default\">\n\t\t\t\t<div class=\"elementor-widget-container\">\n\t\t\t\t\t\t\t\t\t<p>Empresa de Fosfatos dedicada a la exploraci\u00f3n, explotaci\u00f3n con un beneficio de industrializaci\u00f3n y comercializaci\u00f3n de los yacimientos de Roca Fosf\u00f3rica en el Norte de Santander.<\/p>\t\t\t\t\t\t\t\t<\/div>\n\t\t\t\t<\/div>\n\t\t\t\t<section class=\"elementor-section elementor-inner-section elementor-element elementor-element-6335f296 elementor-section-boxed elementor-section-height-default elementor-section-height-default\" data-id=\"6335f296\" data-element_type=\"section\">\n\t\t\t\t\t\t<div class=\"elementor-container elementor-column-gap-narrow\">\n\t\t\t\t\t<div class=\"elementor-column elementor-col-33 elementor-inner-column elementor-element elementor-element-2693263f\" data-id=\"2693263f\" data-element_type=\"column\">\n\t\t\t<div class=\"elementor-widget-wrap elementor-element-populated\">\n\t\t\t\t\t\t<div class=\"elementor-element elementor-element-3b02e60c elementor-widget elementor-widget-sosso-counter-box\" data-id=\"3b02e60c\" data-element_type=\"widget\" data-widget_type=\"sosso-counter-box.default\">\n\t\t\t\t<div class=\"elementor-widget-container\">\n\t\t\t\t\t<div class=\"klb-counter2\"><span><span class=\"counter\">100<\/span>%<\/span><p>Calidad<\/p><\/div>\t\t\t\t<\/div>\n\t\t\t\t<\/div>\n\t\t\t\t\t<\/div>\n\t\t<\/div>\n\t\t\t\t<div class=\"elementor-column elementor-col-33 elementor-inner-column elementor-element elementor-element-64d9824e\" data-id=\"64d9824e\" data-element_type=\"column\">\n\t\t\t<div class=\"elementor-widget-wrap elementor-element-populated\">\n\t\t\t\t\t\t<div class=\"elementor-element elementor-element-4e388907 elementor-widget elementor-widget-sosso-counter-box\" data-id=\"4e388907\" data-element_type=\"widget\" data-widget_type=\"sosso-counter-box.default\">\n\t\t\t\t<div class=\"elementor-widget-container\">\n\t\t\t\t\t<div class=\"klb-counter2\"><span><span class=\"counter\">100<\/span>%<\/span><p>Compromiso<\/p><\/div>\t\t\t\t<\/div>\n\t\t\t\t<\/div>\n\t\t\t\t\t<\/div>\n\t\t<\/div>\n\t\t\t\t<div class=\"elementor-column elementor-col-33 elementor-inner-column elementor-element elementor-element-fab53d2\" data-id=\"fab53d2\" data-element_type=\"column\">\n\t\t\t<div class=\"elementor-widget-wrap elementor-element-populated\">\n\t\t\t\t\t\t<div class=\"elementor-element elementor-element-70ad6d5 elementor-widget elementor-widget-sosso-counter-box\" data-id=\"70ad6d5\" data-element_type=\"widget\" data-widget_type=\"sosso-counter-box.default\">\n\t\t\t\t<div class=\"elementor-widget-container\">\n\t\t\t\t\t<div class=\"klb-counter2\"><span><span class=\"counter\">100<\/span>%<\/span><p>Responsabilidad<\/p><\/div>\t\t\t\t<\/div>\n\t\t\t\t<\/div>\n\t\t\t\t\t<\/div>\n\t\t<\/div>\n\t\t\t\t\t<\/div>\n\t\t<\/section>\n\t\t\t\t\t<\/div>\n\t\t<\/div>\n\t\t\t\t\t<\/div>\n\t\t<\/section>\n\t\t\t\t<div class=\"elementor-section elementor-top-section elementor-element elementor-element-481725e elementor-section-full_width elementor-section-height-default elementor-section-height-default\" data-id=\"481725e\" data-element_type=\"section\">\n\t\t\t\t\t\t<div class=\"elementor-container elementor-column-gap-no\">\n\t\t\t\t\t<div class=\"elementor-column elementor-col-100 elementor-top-column elementor-element elementor-element-52c1eea\" data-id=\"52c1eea\" data-element_type=\"column\">\n\t\t\t<div class=\"elementor-widget-wrap elementor-element-populated\">\n\t\t\t\t\t\t<div class=\"elementor-element elementor-element-51d2789 elementor-widget elementor-widget-sosso-latest-blog\" data-id=\"51d2789\" data-element_type=\"widget\" data-widget_type=\"sosso-latest-blog.default\">\n\t\t\t\t<div class=\"elementor-widget-container\">\n\t\t\t\t\t<section class=\"blog-area\"><div class=\"container\"><div class=\"row justify-content-center\"><div class=\"col-lg-7 col-md-9\"><div class=\"section-title text-center\"><span>Noticias<\/span><h3 class=\"title\">Nuestras publicaciones<\/h3><\/div><\/div><\/div><div class=\"row justify-content-center\"><div class=\"col-lg-4 col-md-7 col-sm-9\"><div class=\"blog-item active mt-30\" style=\"background-image:url();\"><span><i class=\"far fa-calendar-alt\"><\/i> 7 Abr 2022<\/span><h4 class=\"title\">SUSCRIPCION DEL CONTRATO EN VIRTUD DE APORTE 013-89M Y CONTRATO DE CONCESION FFXI-01<\/h4><a  href=\"https:\/\/fosfonorte.com\/web\/suscripcion-del-contrato-en-virtud-de-aporte-013-89m-y-contrato-de-concesion-ffxi-01\/\">Leer m\u00e1s<\/a><\/div><\/div><div class=\"col-lg-4 col-md-7 col-sm-9\"><div class=\"blog-item mt-70\" style=\"background-image:url(https:\/\/fosfonorte.com\/web\/wp-content\/uploads\/2020\/08\/WhatsApp-Image-2020-08-06-at-11.38.47-AM.jpeg);\"><span><i class=\"far fa-calendar-alt\"><\/i> 14 Ago 2020<\/span><h4 class=\"title\">CLUB ROTARIO ENTREGA RECONOCIMIENTO A FOSFONORTE S.A.<\/h4><a  href=\"https:\/\/fosfonorte.com\/web\/club-rotario-entrega-reconocimiento-a-fosfonorte-s-a\/\">Leer m\u00e1s<\/a><\/div><\/div><div class=\"col-lg-4 col-md-7 col-sm-9\"><div class=\"blog-item mt-30\" style=\"background-image:url();\"><span><i class=\"far fa-calendar-alt\"><\/i> 6 Ago 2020<\/span><h4 class=\"title\">FASE VII CONVENIO IFINORTE-FOSFONORTE S.A.<\/h4><a  href=\"https:\/\/fosfonorte.com\/web\/fase-vii-convenio-ifinorte-fosfonorte-s-a\/\">Leer m\u00e1s<\/a><\/div><\/div><\/div><\/div><div class=\"shape-1\"><img decoding=\"async\" src=\"https:\/\/fosfonorte.com\/web\/wp-content\/plugins\/sosso-core\/images\/shape-3.png\" alt=\"shape3\"><\/div><div class=\"shape-2\"><img decoding=\"async\" src=\"https:\/\/fosfonorte.com\/web\/wp-content\/plugins\/sosso-core\/images\/shape-4.png\" alt=\"shape4\"><\/div><\/section>\t\t\t\t<\/div>\n\t\t\t\t<\/div>\n\t\t\t\t\t<\/div>\n\t\t<\/div>\n\t\t\t\t\t<\/div>\n\t\t<\/div>\n\t\t\t\t<div class=\"elementor-section elementor-top-section elementor-element elementor-element-0c258a1 elementor-section-full_width elementor-section-height-default elementor-section-height-default\" data-id=\"0c258a1\" data-element_type=\"section\">\n\t\t\t\t\t\t<div class=\"elementor-container elementor-column-gap-no\">\n\t\t\t\t\t<div class=\"elementor-column elementor-col-100 elementor-top-column elementor-element elementor-element-7dcd1a8\" data-id=\"7dcd1a8\" data-element_type=\"column\">\n\t\t\t<div class=\"elementor-widget-wrap elementor-element-populated\">\n\t\t\t\t\t\t<div class=\"elementor-element elementor-element-3ab3409 elementor-widget elementor-widget-sosso-image-overlay\" data-id=\"3ab3409\" data-element_type=\"widget\" data-widget_type=\"sosso-image-overlay.default\">\n\t\t\t\t<div class=\"elementor-widget-container\">\n\t\t\t\t\t<section class=\"farms-area d-flex align-items-center bg_cover\" style=\"background-image:url(https:\/\/fosfonorte.com\/web\/wp-content\/uploads\/2020\/06\/bg-12.jpg)\"><div class=\"container\"><div class=\"row\"><div class=\"col-lg-7\"><div class=\"farms-content\"><span>Transferencias de tecnolog\u00eda a trav\u00e9s de una asesor\u00eda t\u00e9cnica dirigida a cada uno de los productores seg\u00fan su tipo de suelo.<\/span><h3 class=\"title\">Productos de calidad<\/h3><a class=\"main-btn\" href=\"https:\/\/fosfonorte.com\/web\/contactenos\/\" >Cont\u00e1ctenos <i class=\"far fa-plus\"><\/i><\/a><\/div><\/div><\/div><\/div><\/section>\t\t\t\t<\/div>\n\t\t\t\t<\/div>\n\t\t\t\t\t<\/div>\n\t\t<\/div>\n\t\t\t\t\t<\/div>\n\t\t<\/div>\n\t\t\t\t<div class=\"elementor-section elementor-top-section elementor-element elementor-element-f48fbdc elementor-section-boxed elementor-section-height-default elementor-section-height-default\" data-id=\"f48fbdc\" data-element_type=\"section\">\n\t\t\t\t\t\t<div class=\"elementor-container elementor-column-gap-extended\">\n\t\t\t\t\t<div class=\"elementor-column elementor-col-50 elementor-top-column elementor-element elementor-element-dae243c elementor-hidden-tablet elementor-hidden-phone\" data-id=\"dae243c\" data-element_type=\"column\">\n\t\t\t<div class=\"elementor-widget-wrap elementor-element-populated\">\n\t\t\t\t\t\t<div class=\"elementor-element elementor-element-e8de493 elementor-widget elementor-widget-image\" data-id=\"e8de493\" data-element_type=\"widget\" data-widget_type=\"image.default\">\n\t\t\t\t<div class=\"elementor-widget-container\">\n\t\t\t\t\t\t\t\t\t\t\t\t\t\t\t<img fetchpriority=\"high\" decoding=\"async\" width=\"400\" height=\"618\" src=\"https:\/\/fosfonorte.com\/web\/wp-content\/uploads\/2020\/06\/Suscribete.jpg\" class=\"attachment-large size-large wp-image-1367\" alt=\"\" srcset=\"https:\/\/fosfonorte.com\/web\/wp-content\/uploads\/2020\/06\/Suscribete.jpg 400w, https:\/\/fosfonorte.com\/web\/wp-content\/uploads\/2020\/06\/Suscribete-194x300.jpg 194w, https:\/\/fosfonorte.com\/web\/wp-content\/uploads\/2020\/06\/Suscribete-35x54.jpg 35w\" sizes=\"(max-width: 400px) 100vw, 400px\" \/>\t\t\t\t\t\t\t\t\t\t\t\t\t\t\t<\/div>\n\t\t\t\t<\/div>\n\t\t\t\t\t<\/div>\n\t\t<\/div>\n\t\t\t\t<div class=\"elementor-column elementor-col-50 elementor-top-column elementor-element elementor-element-f240c1b\" data-id=\"f240c1b\" data-element_type=\"column\">\n\t\t\t<div class=\"elementor-widget-wrap elementor-element-populated\">\n\t\t\t\t\t\t<div class=\"elementor-element elementor-element-d0151d4 elementor-widget elementor-widget-sosso-subscribe-box\" data-id=\"d0151d4\" data-element_type=\"widget\" data-widget_type=\"sosso-subscribe-box.default\">\n\t\t\t\t<div class=\"elementor-widget-container\">\n\t\t\t\t\t<div class=\"klb-subscribe newsletters-box\"><span>Suscr\u00edbete para Recibir informaci\u00f3n<\/span><h3 class=\"title\">Consejos y noticias.<\/h3><script>(function() {\n\twindow.mc4wp = window.mc4wp || {\n\t\tlisteners: [],\n\t\tforms: {\n\t\t\ton: function(evt, cb) {\n\t\t\t\twindow.mc4wp.listeners.push(\n\t\t\t\t\t{\n\t\t\t\t\t\tevent   : evt,\n\t\t\t\t\t\tcallback: cb\n\t\t\t\t\t}\n\t\t\t\t);\n\t\t\t}\n\t\t}\n\t}\n})();\n<\/script><!-- Mailchimp for WordPress v4.10.6 - https:\/\/wordpress.org\/plugins\/mailchimp-for-wp\/ --><form id=\"mc4wp-form-1\" class=\"mc4wp-form mc4wp-form-731\" method=\"post\" data-id=\"731\" data-name=\"Boletin\" ><div class=\"mc4wp-form-fields\"><div class=\"input-box mb-20\">\r\n\t<input type=\"email\" name=\"EMAIL\" placeholder=\"Correo\" required \/>\r\n  \t<i class=\"far fa-envelope-open\"><\/i>\r\n<\/div>\r\n\r\n<p>\r\n\t<input type=\"submit\" value=\"Aceptar\" \/>\r\n<\/p><\/div><label style=\"display: none !important;\">Deja vac\u00edo este campo si eres humano: <input type=\"text\" name=\"_mc4wp_honeypot\" value=\"\" tabindex=\"-1\" autocomplete=\"off\" \/><\/label><input type=\"hidden\" name=\"_mc4wp_timestamp\" value=\"1776948024\" \/><input type=\"hidden\" name=\"_mc4wp_form_id\" value=\"731\" \/><input type=\"hidden\" name=\"_mc4wp_form_element_id\" value=\"mc4wp-form-1\" \/><div class=\"mc4wp-response\"><\/div><\/form><!-- \/ Mailchimp for WordPress Plugin --><\/div>\t\t\t\t<\/div>\n\t\t\t\t<\/div>\n\t\t\t\t\t<\/div>\n\t\t<\/div>\n\t\t\t\t\t<\/div>\n\t\t<\/div>\n\t\t\t\t<\/div>\n\t\t<!-- AddThis Advanced Settings generic via filter on the_content --><!-- AddThis Share Buttons generic via filter on the_content -->","protected":false},"excerpt":{"rendered":"<p>Productos naturales para mejorar la fertilidad de los suelos Ver Productos Sobre Nosotros Nuestros Productos 100% de calidad Fosfoindustrial 35% &#36;0 Fertifoscal 30% &#36;0 Fosfoabono 25% &#36;0 Fosfoabono Organomineral &#36;0 Fosfoabono Organomineral &#36;0 Fosfoenmienda Inorg\u00e1nica &#36;0 Fosfoabono Inorg\u00e1nico &#36;0 Productos naturales Lo Natural siempre ha sido lo Mejor Empresa de Fosfatos dedicada a la exploraci\u00f3n,<\/p>\n<div class=\"read-more\"><a href=\"https:\/\/fosfonorte.com\/web\/fase-vii-convenio-ifinorte-fosfonorte-s-a\/\"><i class=\"fal fa-arrow-right\"><\/i>Leer m\u00e1s<\/a><\/div>\n<p><!-- AddThis Advanced Settings generic via filter on get_the_excerpt --><!-- AddThis Share Buttons generic via filter on get_the_excerpt --><\/p>\n","protected":false},"author":1,"featured_media":0,"parent":0,"menu_order":0,"comment_status":"closed","ping_status":"closed","template":"","meta":{"footnotes":""},"class_list":["post-11","page","type-page","status-publish","hentry"],"_links":{"self":[{"href":"https:\/\/fosfonorte.com\/web\/wp-json\/wp\/v2\/pages\/11","targetHints":{"allow":["GET"]}}],"collection":[{"href":"https:\/\/fosfonorte.com\/web\/wp-json\/wp\/v2\/pages"}],"about":[{"href":"https:\/\/fosfonorte.com\/web\/wp-json\/wp\/v2\/types\/page"}],"author":[{"embeddable":true,"href":"https:\/\/fosfonorte.com\/web\/wp-json\/wp\/v2\/users\/1"}],"replies":[{"embeddable":true,"href":"https:\/\/fosfonorte.com\/web\/wp-json\/wp\/v2\/comments?post=11"}],"version-history":[{"count":39,"href":"https:\/\/fosfonorte.com\/web\/wp-json\/wp\/v2\/pages\/11\/revisions"}],"predecessor-version":[{"id":1436,"href":"https:\/\/fosfonorte.com\/web\/wp-json\/wp\/v2\/pages\/11\/revisions\/1436"}],"wp:attachment":[{"href":"https:\/\/fosfonorte.com\/web\/wp-json\/wp\/v2\/media?parent=11"}],"curies":[{"name":"wp","href":"https:\/\/api.w.org\/{rel}","templated":true}]}}