{"id":886,"date":"2020-03-29T09:10:54","date_gmt":"2020-03-29T09:10:54","guid":{"rendered":"http:\/\/klbtheme.com\/sosso\/?page_id=886"},"modified":"2020-06-30T16:07:04","modified_gmt":"2020-06-30T21:07:04","slug":"quienes-somos","status":"publish","type":"page","link":"https:\/\/fosfonorte.com\/web\/quienes-somos\/","title":{"rendered":"Qui\u00e9nes somos"},"content":{"rendered":"\t\t<div data-elementor-type=\"wp-page\" data-elementor-id=\"886\" class=\"elementor elementor-886\">\n\t\t\t\t\t\t<section class=\"elementor-section elementor-top-section elementor-element elementor-element-a3c4eb8 elementor-section-full_width elementor-section-height-default elementor-section-height-default\" data-id=\"a3c4eb8\" data-element_type=\"section\">\n\t\t\t\t\t\t<div class=\"elementor-container elementor-column-gap-no\">\n\t\t\t\t\t<div class=\"elementor-column elementor-col-100 elementor-top-column elementor-element elementor-element-06fe199\" data-id=\"06fe199\" data-element_type=\"column\">\n\t\t\t<div class=\"elementor-widget-wrap elementor-element-populated\">\n\t\t\t\t\t\t<div class=\"elementor-element elementor-element-ea0dfe9 elementor-widget elementor-widget-sosso-breadcrumb\" data-id=\"ea0dfe9\" data-element_type=\"widget\" data-widget_type=\"sosso-breadcrumb.default\">\n\t\t\t\t<div class=\"elementor-widget-container\">\n\t\t\t\t\t<section class=\"page-title-area bg_cover d-flex align-items-center\" style=\"background-image: url(https:\/\/fosfonorte.com\/web\/wp-content\/uploads\/2020\/06\/E-02-scaled.jpg)\"><div class=\"container\"><div class=\"row\"><div class=\"col-lg-6\"><div class=\"page-title-content\"><h3 class=\"title\">Nosotros<\/h3><nav aria-label=\"breadcrumb\"><nav aria-label=\"breadcrumb\"><ol class=\"breadcrumb\"><li class=\"breadcrumb-item\"><a  href=\"https:\/\/fosfonorte.com\/web\" title=\"Home\" rel=\"bookmark\">Home<\/a> <\/li>  <\/ol><\/nav><\/nav><\/div><\/div><\/div><\/div><\/section>\t\t\t\t<\/div>\n\t\t\t\t<\/div>\n\t\t\t\t\t<\/div>\n\t\t<\/div>\n\t\t\t\t\t<\/div>\n\t\t<\/section>\n\t\t\t\t<section class=\"elementor-section elementor-top-section elementor-element elementor-element-4e2322cd elementor-section-content-middle elementor-section-boxed elementor-section-height-default elementor-section-height-default\" data-id=\"4e2322cd\" data-element_type=\"section\">\n\t\t\t\t\t\t<div class=\"elementor-container elementor-column-gap-default\">\n\t\t\t\t\t<div class=\"elementor-column elementor-col-50 elementor-top-column elementor-element elementor-element-55a787de\" data-id=\"55a787de\" data-element_type=\"column\">\n\t\t\t<div class=\"elementor-widget-wrap elementor-element-populated\">\n\t\t\t\t\t\t<div class=\"elementor-element elementor-element-4d756fc2 elementor-widget elementor-widget-sosso-single-image\" data-id=\"4d756fc2\" data-element_type=\"widget\" data-widget_type=\"sosso-single-image.default\">\n\t\t\t\t<div class=\"elementor-widget-container\">\n\t\t\t\t\t<div class=\"klb-single-image about-info-thumb ml-30 mr-30\"><img decoding=\"async\" src=\"https:\/\/fosfonorte.com\/web\/wp-content\/uploads\/2020\/06\/nosotros.png\" alt=\"about\"><\/div>\t\t\t\t<\/div>\n\t\t\t\t<\/div>\n\t\t\t\t\t<\/div>\n\t\t<\/div>\n\t\t\t\t<div class=\"elementor-column elementor-col-50 elementor-top-column elementor-element elementor-element-320fece4\" data-id=\"320fece4\" data-element_type=\"column\">\n\t\t\t<div class=\"elementor-widget-wrap elementor-element-populated\">\n\t\t\t\t\t\t<div class=\"elementor-element elementor-element-13d2ff04 elementor-widget elementor-widget-sosso-custom-title\" data-id=\"13d2ff04\" data-element_type=\"widget\" data-widget_type=\"sosso-custom-title.default\">\n\t\t\t\t<div class=\"elementor-widget-container\">\n\t\t\t\t\t<div class=\"klb-custom-title\"><span>Lo Natural siempre ha sido lo Mejor<\/span><h3 class=\"title\"><\/h3><\/div>\t\t\t\t<\/div>\n\t\t\t\t<\/div>\n\t\t\t\t<div class=\"elementor-element elementor-element-613dbd14 elementor-widget elementor-widget-text-editor\" data-id=\"613dbd14\" data-element_type=\"widget\" data-widget_type=\"text-editor.default\">\n\t\t\t\t<div class=\"elementor-widget-container\">\n\t\t\t\t\t\t\t\t\t<p align=\"justify\">La Empresa de Fosfatos de Norte de Santander, FOSFONORTE S.A, es una empresa creada desde 1975. Actualmente es una empresa de econom\u00eda mixta, que explota los yacimientos de Roca Fosf\u00f3rica, catalogado este como la mayor concentracion de Fosforo y de Calcio en la geograf\u00eda Colombiana como empresa lider en este campo, estamos comprometidos en el desarrollo integral del departamento Norte de Santander.<\/p><p align=\"justify\">\u00a0<\/p><p align=\"justify\">La empresa FOSFONORTE es una empresa l\u00edder que aporta de manera importante al desarrollo de la Regi\u00f3n. Que se preocupa por cada d\u00eda adquirir conocimientos que le ayuden a mejorar cada d\u00eda su calidad y servicio al cliente, Adem\u00e1s para estar a la vanguardia en tecnolog\u00eda. Para aplicar los conocimientos tiene empleados capacitados preparados en cada \u00e1rea, para lograr \u00f3ptimos resultados.<\/p><p><img decoding=\"async\" class=\" wp-image-1297 aligncenter\" src=\"https:\/\/fosfonorte.com\/site\/wp-content\/uploads\/2020\/06\/calidad-300x225.png\" alt=\"\" width=\"172\" height=\"129\" srcset=\"https:\/\/fosfonorte.com\/web\/wp-content\/uploads\/2020\/06\/calidad-300x225.png 300w, https:\/\/fosfonorte.com\/web\/wp-content\/uploads\/2020\/06\/calidad-72x54.png 72w, https:\/\/fosfonorte.com\/web\/wp-content\/uploads\/2020\/06\/calidad.png 571w\" sizes=\"(max-width: 172px) 100vw, 172px\" \/><\/p>\t\t\t\t\t\t\t\t<\/div>\n\t\t\t\t<\/div>\n\t\t\t\t\t<\/div>\n\t\t<\/div>\n\t\t\t\t\t<\/div>\n\t\t<\/section>\n\t\t\t\t<section class=\"elementor-section elementor-top-section elementor-element elementor-element-09a8c61 elementor-section-boxed elementor-section-height-default elementor-section-height-default elementor-invisible\" data-id=\"09a8c61\" data-element_type=\"section\" data-settings=\"{&quot;animation&quot;:&quot;fadeInDown&quot;}\">\n\t\t\t\t\t\t<div class=\"elementor-container elementor-column-gap-default\">\n\t\t\t\t\t<div class=\"elementor-column elementor-col-50 elementor-top-column elementor-element elementor-element-6be9555\" data-id=\"6be9555\" data-element_type=\"column\">\n\t\t\t<div class=\"elementor-widget-wrap elementor-element-populated\">\n\t\t\t\t\t\t<div class=\"elementor-element elementor-element-81a9097 elementor-widget elementor-widget-sosso-faq-content\" data-id=\"81a9097\" data-element_type=\"widget\" data-widget_type=\"sosso-faq-content.default\">\n\t\t\t\t<div class=\"elementor-widget-container\">\n\t\t\t\t\t<div class=\"klb-faq faq-content\"><span><\/span><h3 class=\"title\">Planta de Fosfonorte S.A.<\/h3><p>La planta Fosfonorte S.A se encuentra en kil\u00f3metro 54 sobre la v\u00eda que de C\u00facuta conduce a Sardinata<\/p><a class=\"main-btn\" href=\"\" ><\/a><\/div>\t\t\t\t<\/div>\n\t\t\t\t<\/div>\n\t\t\t\t<div class=\"elementor-element elementor-element-d1d8c14 elementor-widget elementor-widget-image\" data-id=\"d1d8c14\" data-element_type=\"widget\" data-widget_type=\"image.default\">\n\t\t\t\t<div class=\"elementor-widget-container\">\n\t\t\t\t\t\t\t\t\t\t\t\t\t\t\t<img fetchpriority=\"high\" decoding=\"async\" width=\"516\" height=\"642\" src=\"https:\/\/fosfonorte.com\/web\/wp-content\/uploads\/2020\/06\/planta_web02.jpg\" class=\"attachment-large size-large wp-image-1410\" alt=\"\" srcset=\"https:\/\/fosfonorte.com\/web\/wp-content\/uploads\/2020\/06\/planta_web02.jpg 516w, https:\/\/fosfonorte.com\/web\/wp-content\/uploads\/2020\/06\/planta_web02-241x300.jpg 241w, https:\/\/fosfonorte.com\/web\/wp-content\/uploads\/2020\/06\/planta_web02-43x54.jpg 43w\" sizes=\"(max-width: 516px) 100vw, 516px\" \/>\t\t\t\t\t\t\t\t\t\t\t\t\t\t\t<\/div>\n\t\t\t\t<\/div>\n\t\t\t\t\t<\/div>\n\t\t<\/div>\n\t\t\t\t<div class=\"elementor-column elementor-col-50 elementor-top-column elementor-element elementor-element-c96fd4a\" data-id=\"c96fd4a\" data-element_type=\"column\">\n\t\t\t<div class=\"elementor-widget-wrap elementor-element-populated\">\n\t\t\t\t\t\t<div class=\"elementor-element elementor-element-f29d072 elementor-widget elementor-widget-image\" data-id=\"f29d072\" data-element_type=\"widget\" data-widget_type=\"image.default\">\n\t\t\t\t<div class=\"elementor-widget-container\">\n\t\t\t\t\t\t\t\t\t\t\t\t\t\t\t<img decoding=\"async\" width=\"960\" height=\"640\" src=\"https:\/\/fosfonorte.com\/web\/wp-content\/uploads\/2020\/06\/P02-1024x683.jpg\" class=\"attachment-large size-large wp-image-1408\" alt=\"\" srcset=\"https:\/\/fosfonorte.com\/web\/wp-content\/uploads\/2020\/06\/P02-1024x683.jpg 1024w, https:\/\/fosfonorte.com\/web\/wp-content\/uploads\/2020\/06\/P02-300x200.jpg 300w, https:\/\/fosfonorte.com\/web\/wp-content\/uploads\/2020\/06\/P02-768x512.jpg 768w, https:\/\/fosfonorte.com\/web\/wp-content\/uploads\/2020\/06\/P02-2048x1365.jpg 2048w, https:\/\/fosfonorte.com\/web\/wp-content\/uploads\/2020\/06\/P02-600x400.jpg 600w, https:\/\/fosfonorte.com\/web\/wp-content\/uploads\/2020\/06\/P02-81x54.jpg 81w\" sizes=\"(max-width: 960px) 100vw, 960px\" \/>\t\t\t\t\t\t\t\t\t\t\t\t\t\t\t<\/div>\n\t\t\t\t<\/div>\n\t\t\t\t<div class=\"elementor-element elementor-element-57fbfaf elementor-widget elementor-widget-image\" data-id=\"57fbfaf\" data-element_type=\"widget\" data-widget_type=\"image.default\">\n\t\t\t\t<div class=\"elementor-widget-container\">\n\t\t\t\t\t\t\t\t\t\t\t\t\t\t\t<img loading=\"lazy\" decoding=\"async\" width=\"960\" height=\"640\" src=\"https:\/\/fosfonorte.com\/web\/wp-content\/uploads\/2020\/06\/P04-1024x683.jpg\" class=\"attachment-large size-large wp-image-1412\" alt=\"\" srcset=\"https:\/\/fosfonorte.com\/web\/wp-content\/uploads\/2020\/06\/P04-1024x683.jpg 1024w, https:\/\/fosfonorte.com\/web\/wp-content\/uploads\/2020\/06\/P04-300x200.jpg 300w, https:\/\/fosfonorte.com\/web\/wp-content\/uploads\/2020\/06\/P04-768x512.jpg 768w\" sizes=\"(max-width: 960px) 100vw, 960px\" \/>\t\t\t\t\t\t\t\t\t\t\t\t\t\t\t<\/div>\n\t\t\t\t<\/div>\n\t\t\t\t\t<\/div>\n\t\t<\/div>\n\t\t\t\t\t<\/div>\n\t\t<\/section>\n\t\t\t\t<section class=\"elementor-section elementor-top-section elementor-element elementor-element-17d7f9b6 elementor-section-boxed elementor-section-height-default elementor-section-height-default\" data-id=\"17d7f9b6\" data-element_type=\"section\">\n\t\t\t\t\t\t<div class=\"elementor-container elementor-column-gap-default\">\n\t\t\t\t\t<div class=\"elementor-column elementor-col-50 elementor-top-column elementor-element elementor-element-61d57461\" data-id=\"61d57461\" data-element_type=\"column\">\n\t\t\t<div class=\"elementor-widget-wrap elementor-element-populated\">\n\t\t\t\t\t\t<div class=\"elementor-element elementor-element-4c4ad3f elementor-widget elementor-widget-image\" data-id=\"4c4ad3f\" data-element_type=\"widget\" data-widget_type=\"image.default\">\n\t\t\t\t<div class=\"elementor-widget-container\">\n\t\t\t\t\t\t\t\t\t\t\t\t\t\t\t<img loading=\"lazy\" decoding=\"async\" width=\"960\" height=\"640\" src=\"https:\/\/fosfonorte.com\/web\/wp-content\/uploads\/2020\/06\/m02-1024x683.jpg\" class=\"attachment-large size-large wp-image-1390\" alt=\"\" srcset=\"https:\/\/fosfonorte.com\/web\/wp-content\/uploads\/2020\/06\/m02-1024x683.jpg 1024w, https:\/\/fosfonorte.com\/web\/wp-content\/uploads\/2020\/06\/m02-300x200.jpg 300w, https:\/\/fosfonorte.com\/web\/wp-content\/uploads\/2020\/06\/m02-768x512.jpg 768w, https:\/\/fosfonorte.com\/web\/wp-content\/uploads\/2020\/06\/m02-1536x1024.jpg 1536w\" sizes=\"(max-width: 960px) 100vw, 960px\" \/>\t\t\t\t\t\t\t\t\t\t\t\t\t\t\t<\/div>\n\t\t\t\t<\/div>\n\t\t\t\t\t<\/div>\n\t\t<\/div>\n\t\t\t\t<div class=\"elementor-column elementor-col-50 elementor-top-column elementor-element elementor-element-3a5a14a1\" data-id=\"3a5a14a1\" data-element_type=\"column\">\n\t\t\t<div class=\"elementor-widget-wrap elementor-element-populated\">\n\t\t\t\t\t\t<div class=\"elementor-element elementor-element-3e3258a3 elementor-widget elementor-widget-sosso-faq-content\" data-id=\"3e3258a3\" data-element_type=\"widget\" data-widget_type=\"sosso-faq-content.default\">\n\t\t\t\t<div class=\"elementor-widget-container\">\n\t\t\t\t\t<div class=\"klb-faq faq-content\"><span><\/span><h3 class=\"title\">MISI\u00d3N<\/h3><p><p align=\"justify\">En FOSFONORTE S.A. nos dedicamos a la explotaci\u00f3n, industrializaci\u00f3n, y comercializaci\u00f3n de la roca fosf\u00f3rica realizamos un manejo racional del recurso natural no renovable y ofrecemos productos competitivos para el mejoramiento de los sistemas de producci\u00f3n agr\u00edcola.<\/p><\/p><a class=\"main-btn\" href=\"\" ><\/a><\/div>\t\t\t\t<\/div>\n\t\t\t\t<\/div>\n\t\t\t\t\t<\/div>\n\t\t<\/div>\n\t\t\t\t\t<\/div>\n\t\t<\/section>\n\t\t\t\t<section class=\"elementor-section elementor-top-section elementor-element elementor-element-1176c49 elementor-section-boxed elementor-section-height-default elementor-section-height-default\" data-id=\"1176c49\" data-element_type=\"section\">\n\t\t\t\t\t\t<div class=\"elementor-container elementor-column-gap-default\">\n\t\t\t\t\t<div class=\"elementor-column elementor-col-50 elementor-top-column elementor-element elementor-element-0476743\" data-id=\"0476743\" data-element_type=\"column\">\n\t\t\t<div class=\"elementor-widget-wrap elementor-element-populated\">\n\t\t\t\t\t\t<div class=\"elementor-element elementor-element-ff5633d elementor-widget elementor-widget-sosso-faq-content\" data-id=\"ff5633d\" data-element_type=\"widget\" data-widget_type=\"sosso-faq-content.default\">\n\t\t\t\t<div class=\"elementor-widget-container\">\n\t\t\t\t\t<div class=\"klb-faq faq-content\"><span><\/span><h3 class=\"title\">VISI\u00d3N<\/h3><p><p align=\"justify\">FOSFONORTE S.A. ser\u00e1 una empresa competitiva en el sector agr\u00edcola y ganadero satisfaciendo sus necesidades de fertilizantes fosf\u00f3ricos. La calidad, el mejoramiento continuo de nuestros productos y la excelencia en el servicio al cliente ser\u00e1n nuestra responsabilidad integral. Nuestro talento humano se distinguir\u00e1 por sus altos niveles de liderazgo, participaci\u00f3n y compromiso con el desarrollo econ\u00f3mico y social del Departamento Norte de Santander y del Pa\u00eds.<\/p><\/p><a class=\"main-btn\" href=\"\" ><\/a><\/div>\t\t\t\t<\/div>\n\t\t\t\t<\/div>\n\t\t\t\t\t<\/div>\n\t\t<\/div>\n\t\t\t\t<div class=\"elementor-column elementor-col-50 elementor-top-column elementor-element elementor-element-c8c0f66\" data-id=\"c8c0f66\" data-element_type=\"column\">\n\t\t\t<div class=\"elementor-widget-wrap elementor-element-populated\">\n\t\t\t\t\t\t<div class=\"elementor-element elementor-element-da22d7d elementor-widget elementor-widget-image\" data-id=\"da22d7d\" data-element_type=\"widget\" data-widget_type=\"image.default\">\n\t\t\t\t<div class=\"elementor-widget-container\">\n\t\t\t\t\t\t\t\t\t\t\t\t\t\t\t<img loading=\"lazy\" decoding=\"async\" width=\"960\" height=\"640\" src=\"https:\/\/fosfonorte.com\/web\/wp-content\/uploads\/2020\/06\/v01-1-1024x683.jpg\" class=\"attachment-large size-large wp-image-1398\" alt=\"\" srcset=\"https:\/\/fosfonorte.com\/web\/wp-content\/uploads\/2020\/06\/v01-1-1024x683.jpg 1024w, https:\/\/fosfonorte.com\/web\/wp-content\/uploads\/2020\/06\/v01-1-300x200.jpg 300w, https:\/\/fosfonorte.com\/web\/wp-content\/uploads\/2020\/06\/v01-1-768x512.jpg 768w, https:\/\/fosfonorte.com\/web\/wp-content\/uploads\/2020\/06\/v01-1-2048x1365.jpg 2048w, https:\/\/fosfonorte.com\/web\/wp-content\/uploads\/2020\/06\/v01-1-600x400.jpg 600w, https:\/\/fosfonorte.com\/web\/wp-content\/uploads\/2020\/06\/v01-1-81x54.jpg 81w\" sizes=\"(max-width: 960px) 100vw, 960px\" \/>\t\t\t\t\t\t\t\t\t\t\t\t\t\t\t<\/div>\n\t\t\t\t<\/div>\n\t\t\t\t\t<\/div>\n\t\t<\/div>\n\t\t\t\t\t<\/div>\n\t\t<\/section>\n\t\t\t\t<section class=\"elementor-section elementor-top-section elementor-element elementor-element-1b34279 elementor-section-boxed elementor-section-height-default elementor-section-height-default\" data-id=\"1b34279\" data-element_type=\"section\">\n\t\t\t\t\t\t<div class=\"elementor-container elementor-column-gap-default\">\n\t\t\t\t\t<div class=\"elementor-column elementor-col-50 elementor-top-column elementor-element elementor-element-197558a\" data-id=\"197558a\" data-element_type=\"column\">\n\t\t\t<div class=\"elementor-widget-wrap elementor-element-populated\">\n\t\t\t\t\t\t<div class=\"elementor-element elementor-element-2c320c5 elementor-widget elementor-widget-image\" data-id=\"2c320c5\" data-element_type=\"widget\" data-widget_type=\"image.default\">\n\t\t\t\t<div class=\"elementor-widget-container\">\n\t\t\t\t\t\t\t\t\t\t\t\t\t\t\t<img loading=\"lazy\" decoding=\"async\" width=\"960\" height=\"640\" src=\"https:\/\/fosfonorte.com\/web\/wp-content\/uploads\/2020\/06\/p01-1024x683.jpg\" class=\"attachment-large size-large wp-image-1400\" alt=\"\" srcset=\"https:\/\/fosfonorte.com\/web\/wp-content\/uploads\/2020\/06\/p01-1024x683.jpg 1024w, https:\/\/fosfonorte.com\/web\/wp-content\/uploads\/2020\/06\/p01-300x200.jpg 300w, https:\/\/fosfonorte.com\/web\/wp-content\/uploads\/2020\/06\/p01-768x512.jpg 768w, https:\/\/fosfonorte.com\/web\/wp-content\/uploads\/2020\/06\/p01-2048x1365.jpg 2048w, https:\/\/fosfonorte.com\/web\/wp-content\/uploads\/2020\/06\/p01-600x400.jpg 600w, https:\/\/fosfonorte.com\/web\/wp-content\/uploads\/2020\/06\/p01-81x54.jpg 81w\" sizes=\"(max-width: 960px) 100vw, 960px\" \/>\t\t\t\t\t\t\t\t\t\t\t\t\t\t\t<\/div>\n\t\t\t\t<\/div>\n\t\t\t\t\t<\/div>\n\t\t<\/div>\n\t\t\t\t<div class=\"elementor-column elementor-col-50 elementor-top-column elementor-element elementor-element-aab3433\" data-id=\"aab3433\" data-element_type=\"column\">\n\t\t\t<div class=\"elementor-widget-wrap elementor-element-populated\">\n\t\t\t\t\t\t<div class=\"elementor-element elementor-element-05db590 elementor-widget elementor-widget-sosso-faq-content\" data-id=\"05db590\" data-element_type=\"widget\" data-widget_type=\"sosso-faq-content.default\">\n\t\t\t\t<div class=\"elementor-widget-container\">\n\t\t\t\t\t<div class=\"klb-faq faq-content\"><span><\/span><h3 class=\"title\">POL\u00cdTICA DE CALIDAD<\/h3><p><p align=\"justify\">FOSFONORTE S.A. est\u00e1 comprometida en el uso racional del recurso minero para producir y comercializar roca fosf\u00f3rica concentrada y fertilizantes org\u00e1nico-minerales de acuerdo a los requerimientos legales y del mercado, contando con personal competente, mejorando continuamente sus procesos en armon\u00eda con el medio ambiente, contribuyendo as\u00ed al desarrollo de la regi\u00f3n al beneficio de los directivos y bienestar de sus colaboradores.<\/p><\/p><a class=\"main-btn\" href=\"\" ><\/a><\/div>\t\t\t\t<\/div>\n\t\t\t\t<\/div>\n\t\t\t\t\t<\/div>\n\t\t<\/div>\n\t\t\t\t\t<\/div>\n\t\t<\/section>\n\t\t\t\t<section class=\"elementor-section elementor-top-section elementor-element elementor-element-895b378 elementor-section-boxed elementor-section-height-default elementor-section-height-default\" data-id=\"895b378\" data-element_type=\"section\">\n\t\t\t\t\t\t<div class=\"elementor-container elementor-column-gap-default\">\n\t\t\t\t\t<div class=\"elementor-column elementor-col-50 elementor-top-column elementor-element elementor-element-6bbbdd5\" data-id=\"6bbbdd5\" data-element_type=\"column\">\n\t\t\t<div class=\"elementor-widget-wrap elementor-element-populated\">\n\t\t\t\t\t\t<div class=\"elementor-element elementor-element-bf1bf24 elementor-widget elementor-widget-sosso-faq-content\" data-id=\"bf1bf24\" data-element_type=\"widget\" data-widget_type=\"sosso-faq-content.default\">\n\t\t\t\t<div class=\"elementor-widget-container\">\n\t\t\t\t\t<div class=\"klb-faq faq-content\"><span><\/span><h3 class=\"title\">OBJETIVOS DE CALIDAD<\/h3><p>*Cumplimiento de requisitos legales del mercado.<br\/>\n\n*Mejorar la competencia del personal.<br\/>\n\n*Incrementar la rentabilidad de la organizaci\u00f3n.<br\/>\n\n*Mejorar los procesos del sistema de calidad.<\/p><a class=\"main-btn\" href=\"\" ><\/a><\/div>\t\t\t\t<\/div>\n\t\t\t\t<\/div>\n\t\t\t\t\t<\/div>\n\t\t<\/div>\n\t\t\t\t<div class=\"elementor-column elementor-col-50 elementor-top-column elementor-element elementor-element-a91a6be\" data-id=\"a91a6be\" data-element_type=\"column\">\n\t\t\t<div class=\"elementor-widget-wrap elementor-element-populated\">\n\t\t\t\t\t\t<div class=\"elementor-element elementor-element-33778fa elementor-widget elementor-widget-image\" data-id=\"33778fa\" data-element_type=\"widget\" data-widget_type=\"image.default\">\n\t\t\t\t<div class=\"elementor-widget-container\">\n\t\t\t\t\t\t\t\t\t\t\t\t\t\t\t<img loading=\"lazy\" decoding=\"async\" width=\"960\" height=\"640\" src=\"https:\/\/fosfonorte.com\/web\/wp-content\/uploads\/2020\/06\/c01-1024x683.jpg\" class=\"attachment-large size-large wp-image-1403\" alt=\"\" srcset=\"https:\/\/fosfonorte.com\/web\/wp-content\/uploads\/2020\/06\/c01-1024x683.jpg 1024w, https:\/\/fosfonorte.com\/web\/wp-content\/uploads\/2020\/06\/c01-300x200.jpg 300w, https:\/\/fosfonorte.com\/web\/wp-content\/uploads\/2020\/06\/c01-768x512.jpg 768w, https:\/\/fosfonorte.com\/web\/wp-content\/uploads\/2020\/06\/c01-2048x1365.jpg 2048w, https:\/\/fosfonorte.com\/web\/wp-content\/uploads\/2020\/06\/c01-600x400.jpg 600w, https:\/\/fosfonorte.com\/web\/wp-content\/uploads\/2020\/06\/c01-81x54.jpg 81w\" sizes=\"(max-width: 960px) 100vw, 960px\" \/>\t\t\t\t\t\t\t\t\t\t\t\t\t\t\t<\/div>\n\t\t\t\t<\/div>\n\t\t\t\t\t<\/div>\n\t\t<\/div>\n\t\t\t\t\t<\/div>\n\t\t<\/section>\n\t\t\t\t<\/div>\n\t\t<!-- AddThis Advanced Settings generic via filter on the_content --><!-- AddThis Share Buttons generic via filter on the_content -->","protected":false},"excerpt":{"rendered":"<p>Nosotros Home Lo Natural siempre ha sido lo Mejor La Empresa de Fosfatos de Norte de Santander, FOSFONORTE S.A, es una empresa creada desde 1975. Actualmente es una empresa de econom\u00eda mixta, que explota los yacimientos de Roca Fosf\u00f3rica, catalogado este como la mayor concentracion de Fosforo y de Calcio en la geograf\u00eda Colombiana como<\/p>\n<div class=\"read-more\"><a href=\"https:\/\/fosfonorte.com\/web\/quienes-somos\/\"><i class=\"fal fa-arrow-right\"><\/i>Leer m\u00e1s<\/a><\/div>\n<p><!-- AddThis Advanced Settings generic via filter on get_the_excerpt --><!-- AddThis Share Buttons generic via filter on get_the_excerpt --><\/p>\n","protected":false},"author":1,"featured_media":0,"parent":0,"menu_order":0,"comment_status":"closed","ping_status":"closed","template":"","meta":{"footnotes":""},"class_list":["post-886","page","type-page","status-publish","hentry"],"_links":{"self":[{"href":"https:\/\/fosfonorte.com\/web\/wp-json\/wp\/v2\/pages\/886","targetHints":{"allow":["GET"]}}],"collection":[{"href":"https:\/\/fosfonorte.com\/web\/wp-json\/wp\/v2\/pages"}],"about":[{"href":"https:\/\/fosfonorte.com\/web\/wp-json\/wp\/v2\/types\/page"}],"author":[{"embeddable":true,"href":"https:\/\/fosfonorte.com\/web\/wp-json\/wp\/v2\/users\/1"}],"replies":[{"embeddable":true,"href":"https:\/\/fosfonorte.com\/web\/wp-json\/wp\/v2\/comments?post=886"}],"version-history":[{"count":29,"href":"https:\/\/fosfonorte.com\/web\/wp-json\/wp\/v2\/pages\/886\/revisions"}],"predecessor-version":[{"id":1433,"href":"https:\/\/fosfonorte.com\/web\/wp-json\/wp\/v2\/pages\/886\/revisions\/1433"}],"wp:attachment":[{"href":"https:\/\/fosfonorte.com\/web\/wp-json\/wp\/v2\/media?parent=886"}],"curies":[{"name":"wp","href":"https:\/\/api.w.org\/{rel}","templated":true}]}}