{"id":1170,"date":"2020-06-25T23:37:56","date_gmt":"2020-06-26T04:37:56","guid":{"rendered":"https:\/\/fosfonorte.com\/web\/?post_type=product&#038;p=1170"},"modified":"2025-12-09T07:37:48","modified_gmt":"2025-12-09T12:37:48","slug":"fosfoabono-inorganico","status":"publish","type":"product","link":"https:\/\/fosfonorte.com\/web\/product\/fosfoabono-inorganico\/","title":{"rendered":"Fosfoabono Inorg\u00e1nico"},"content":{"rendered":"<p><strong>CARACTERISTICAS FISICAS Y QUIMICAS:<\/strong><\/p>\n<p>Es un Fertilizante o Abono Inorg\u00e1nico, en forma de polvo seco, de uso agr\u00edcola para aplicaci\u00f3n al suelo, cuyas altas concentraciones de Calcio (CaO) y Fosforo (P2O5) y aportes adecuados de Nitr\u00f3geno (N) y Azufre (SO4=), clasificados dentro de los nutrientes esenciales para las plantas , generalmente, deficientes en la gran mayor\u00eda de los suelos agr\u00edcolas de esta regi\u00f3n y el pa\u00eds, permiten recomendarlo como una fuente nutricional muy eficiente para satisfacer las necesidades de estos nutrimentos en cualquier suelo y cultivo. Es muy importante se\u00f1alar que el calcio (Ca) incrementa el vigor de las plantas; endurece los tejidos; promueve la s\u00edntesis de las prote\u00ednas y la absorci\u00f3n y utilizaci\u00f3n del magnesio, potasio y boro; estimula la producci\u00f3n de granos y semillas y la calidad de los productos alimenticios.<\/p>\n<p>El fosforo (P) participa en la utilizaci\u00f3n de los azucares y el almid\u00f3n por las plantas; promueve la formaci\u00f3n del n\u00facleo durante la divisi\u00f3n celular; facilita la elaboraci\u00f3n de albuminas y grasas y es necesario para la transmisi\u00f3n de factores hereditarios. As\u00ed mismo, el fosforo estimula el desarrollo radicular, la floraci\u00f3n y la maduraci\u00f3n de los frutos y forma parte de las prote\u00ednas, enzimas, nucleoprote\u00ednas, la fitina, los \u00e1cidos nucleicos y los fosfol\u00edpidos. El azufre (SO4=) es muy importante para la formaci\u00f3n de los amino\u00e1cidos y las prote\u00ednas que contienen azufre; propicia la formaci\u00f3n de los n\u00f3dulos en las leguminosas; es un componente de algunas vitaminas y enzimas y estimula el desarrollo radicular y el vigor de las plantas.<\/p>\n<p><strong>DESCRIPCI\u00d3N DEL PRODUCTO<\/strong><\/p>\n<ul>\n<li><strong>Fuentes Minerales:<\/strong> Roca fosf\u00f3rica carbonatada de Sardinata que contiene un 40% de calcio total (CaO) y 20% de fosforo total (P2O5) y el Sulfato de Amonio con un 21% de Nitr\u00f3geno (N) y un 25% de Azufre (SO4=)).<\/li>\n<li><strong>Usos:<\/strong> Es un Fertilizante o Abono Inorg\u00e1nico Compuesto que se puede utilizar en cualquier suelo y cultivo para aportar Nitr\u00f3geno, Fosforo, Calcio y azufre.<\/li>\n<li><strong>Nutrientes que Aporta:<\/strong> Nitr\u00f3geno, Fosforo, Calcio y Azufre.<\/li>\n<li><strong>Estafo F\u00edsico:<\/strong> Polvo seco<\/li>\n<li><strong>Color:<\/strong> Gris\u00e1ceo<\/li>\n<li><strong>pH:<\/strong> 7.9<\/li>\n<li><strong>Humedad M\u00e1xima:<\/strong> 0.08%<\/li>\n<li><strong>Registro ICA:<\/strong> En Proceso<\/li>\n<li><strong>Registro de Marca del Producto:<\/strong> Fosfoabono Inorg\u00e1nico producido y comercializado por la empresa FOSFONORTE S.A.<\/li>\n<\/ul>\n<p><strong>MODO DE EMPLEO<\/strong><\/p>\n<ul>\n<li><strong>\u00c9poca de Aplicaci\u00f3n.<\/strong> Por tratarse de un Abono o Fertilizante Inorg\u00e1nico de moderada solubilidad en el suelo y con el prop\u00f3sito de lograr los resultados esperados en un tiempo relativamente corto, entre ellos, que los nutrimentos aportados por el abono sean liberados a la soluci\u00f3n del suelo para que puedan ser absorbidos oportunamente por las plantas para corregir las deficiencias de Nitr\u00f3geno (N), Fosforo (P2O5), Calcio (Ca) y Azufre (SO4=) en los suelos con vocaci\u00f3n agr\u00edcola, se recomienda aplicarlo antes, al momento o despu\u00e9s de la siembra o trasplante de los cultivos, procurando que quede bien incorporado al suelo, en condiciones de humedad se cercanas a la capacidad de campo.<\/li>\n<li><strong>Dosis de Aplicaci\u00f3n.<\/strong> Las dosis de aplicaci\u00f3n se deben ajustar a los an\u00e1lisis del suelo y a los requerimientos nutricionales de cada cultivo; sin embargo, de acuerdo con los resultados obtenidos en las Pruebas de Eficiencia Agron\u00f3mica y en las Parcelas Demostrativas realizadas en el cultivo de arroz con riego, las dosis optimas de aplicaci\u00f3n oscilaron entre 300 y 400 Kg\/Ha. Pr\u00f3ximamente se desarrollaran parcelas demostrativas en los cultivos m\u00e1s importantes de la zona, tales como la palma de aceite, caf\u00e9, cacao, ca\u00f1a de az\u00facar, papa, yuca, pl\u00e1tano y pastos, con el fin de ajustar las dosis \u00f3ptimas para cada sistema de producci\u00f3n.<\/li>\n<li><strong>M\u00e9todos de Aplicaci\u00f3n.<\/strong> El m\u00e9todo o forma de aplicaci\u00f3n depende del sistema de siembra del cultivo. En los cultivos densos y transitorios se recomienda aplicarlo al voleo, antes, al momento o despu\u00e9s de la siembra; en los cultivos sembrados en surcos se debe aplicar en bandas a lo largo de los surcos y en los cultivos permanentes que se siembran en cuadro o triangulo se recomienda incorporarlo alrededor de las plantas, ya sea al voleo, en corona o media luna, cuando la humedad del suelo se encuentre cercana a la capacidad de campo.<\/li>\n<\/ul>\n<p><strong>EFICIENCIA AGRONOMICA<\/strong><\/p>\n<p>Anexo al presente se incluye un informe t\u00e9cnico sobre los resultados m\u00e1s relevantes obtenidos en las Pruebas de Eficiencia Agron\u00f3mica realizadas en la casa-malla de la empresa FOSFONORTE S.A., durante los a\u00f1os 2.010 y 2.011, utilizando como planta indicadora el ma\u00edz, variedad ICA V-109.<\/p>\n<p><strong>ALMACENAMIENTO Y TRANSPORTE<\/strong><\/p>\n<p>Las instalaciones de la planta de producci\u00f3n de la empresa FOSFONORTE S.A., disponen de amplias bodegas de almacenamiento, tanto para las materias primas como para los nuevos productos (enmiendas y abonos inorg\u00e1nicos y organominerales) que cumplen con todos los requerimientos t\u00e9cnicos recomendados para almacenar, con seguridad, este tipo de productos sobre estibas de madera. As\u00ed mismo, la empresa FOSFONORTE S.A. dispone en estas instalaciones de un lote con f\u00e1cil acceso y de tama\u00f1o adecuado para realizar la carga y el manipuleo de estos materiales.<\/p>\n<!-- AddThis Advanced Settings generic via filter on the_content --><!-- AddThis Share Buttons generic via filter on the_content -->","protected":false},"excerpt":{"rendered":"<h3>N, P, Ca y S<\/h3>\n<p>Registro de Venta ICA. N\u00b0 7528<br \/>\n<strong>Uso y manejo:<\/strong>\u00a0Recomendado como fuente nutricional en suelos deficientes en N, P, Ca, y S. Especialmente formulado para fertilizar pastos de corte y pastoreo.<\/p>\n<p><strong>Dosis de aplicaci\u00f3n:<\/strong>\u00a0200-300 Kg\/Ha de acuerdo con los an\u00e1lisis de suelos y la variedad sembrada.<\/p>\n<p>&nbsp;<\/p>\n<ul>\n<li>\n<h3>Empaque: Bultos de 50 Kg.<\/h3>\n<\/li>\n<\/ul>\n<p><!-- AddThis Advanced Settings generic via filter on get_the_excerpt --><!-- AddThis Share Buttons generic via filter on get_the_excerpt --><\/p>\n","protected":false},"featured_media":1179,"comment_status":"open","ping_status":"closed","template":"","meta":[],"product_brand":[],"product_cat":[130],"product_tag":[],"class_list":{"0":"post-1170","1":"product","2":"type-product","3":"status-publish","4":"has-post-thumbnail","6":"product_cat-productos","8":"first","9":"instock","10":"shipping-taxable","11":"purchasable","12":"product-type-simple"},"_links":{"self":[{"href":"https:\/\/fosfonorte.com\/web\/wp-json\/wp\/v2\/product\/1170","targetHints":{"allow":["GET"]}}],"collection":[{"href":"https:\/\/fosfonorte.com\/web\/wp-json\/wp\/v2\/product"}],"about":[{"href":"https:\/\/fosfonorte.com\/web\/wp-json\/wp\/v2\/types\/product"}],"replies":[{"embeddable":true,"href":"https:\/\/fosfonorte.com\/web\/wp-json\/wp\/v2\/comments?post=1170"}],"wp:featuredmedia":[{"embeddable":true,"href":"https:\/\/fosfonorte.com\/web\/wp-json\/wp\/v2\/media\/1179"}],"wp:attachment":[{"href":"https:\/\/fosfonorte.com\/web\/wp-json\/wp\/v2\/media?parent=1170"}],"wp:term":[{"taxonomy":"product_brand","embeddable":true,"href":"https:\/\/fosfonorte.com\/web\/wp-json\/wp\/v2\/product_brand?post=1170"},{"taxonomy":"product_cat","embeddable":true,"href":"https:\/\/fosfonorte.com\/web\/wp-json\/wp\/v2\/product_cat?post=1170"},{"taxonomy":"product_tag","embeddable":true,"href":"https:\/\/fosfonorte.com\/web\/wp-json\/wp\/v2\/product_tag?post=1170"}],"curies":[{"name":"wp","href":"https:\/\/api.w.org\/{rel}","templated":true}]}}