{"id":1176,"date":"2020-06-25T23:55:51","date_gmt":"2020-06-26T04:55:51","guid":{"rendered":"https:\/\/fosfonorte.com\/web\/?post_type=product&#038;p=1176"},"modified":"2026-04-04T08:04:30","modified_gmt":"2026-04-04T13:04:30","slug":"fosfoenmienda-inorganica","status":"publish","type":"product","link":"https:\/\/fosfonorte.com\/web\/product\/fosfoenmienda-inorganica\/","title":{"rendered":"Fosfoenmienda Inorg\u00e1nica"},"content":{"rendered":"<p><strong>CARACTERISTICAS FISICAS Y QUIMICAS:<\/strong><\/p>\n<p>Es una Enmienda Inorg\u00e1nica en forma de polvo seco, de uso agr\u00edcola, cuyas altas concentraciones de Calcio (CaO), Magnesio (MgO), Fosforo (P2O5) y S\u00edlice (SiO2) son apropiadas para recomendarla como acondicionador y mejorador de suelos \u00e1cidos, con pHs menores de 5.5 y que registren severas deficiencias en estos nutrientes esenciales para las plantas y altos contenidos aluminio (Al), hierro (Fe) y\/o manganeso (Mn). Es muy importante destacar que el calcio (Ca) es un nutriente que incrementa el vigor y endurecimiento de los tejidos de las plantas; promueve la formaci\u00f3n de prote\u00ednas y la producci\u00f3n de granos y semillas; facilita la absorci\u00f3n y la utilizaci\u00f3n del magnesio, potasio y boro y mejora la calidad de los productos alimenticios. El magnesio (Mg) es el \u00fanico mineral que forma parte de la mol\u00e9cula de la clorofila; facilita el transporte y metabolismo del fosforo en las plantas, activa numerosos sistemas enzim\u00e1ticos y facilita la formaci\u00f3n de aceites y grasas en los productos vegetales.<\/p>\n<p>El fosforo (P) interviene en la utilizaci\u00f3n de los azucares y el almid\u00f3n en las plantas; promueve la formaci\u00f3n del n\u00facleo durante la divisi\u00f3n celular, la elaboraci\u00f3n de las grasas y albuminas y la transmisi\u00f3n de los factores hereditarios. As\u00ed mismo, el P es un nutrimento que estimula el desarrollo radicular, la floraci\u00f3n y la maduraci\u00f3n de los frutos y forma parte de las prote\u00ednas, enzimas, \u00e1cidos nucleicos, nucleoprote\u00ednas, fosfol\u00edpidos y del \u00e1cido fitico .Por su parte, el silicio (Si) contribuye en la neutralizaci\u00f3n de los efectos t\u00f3xicos del hierro, el aluminio y\/o el manganeso presentes en altas concentraciones en los suelos \u00e1cidos, promueve el endurecimiento de las c\u00e9lulas y los tejidos vegetales, lo cual induce resistencia de las plantas contra las plagas y las enfermedades.<\/p>\n<p>La reacci\u00f3n de esta enmienda inorg\u00e1nica en los suelos es lenta debido a su baja solubilidad, por lo cual, es muy importante tener en cuenta la \u00e9poca de aplicaci\u00f3n, la humedad del suelo y la distribuci\u00f3n del producto en el campo para garantizar los resultados esperados, es decir, el incremento del pH del suelo; la correcci\u00f3n de las deficiencias de calcio, magnesio y fosforo; la neutralizaci\u00f3n del aluminio, hierro, el restablecimiento del balance nutricional del suelo y el mejoramiento de su potencial productivo.<\/p>\n<ul>\n<li><strong>\u00c9poca de Aplicaci\u00f3n.\u00a0<\/strong>Por tratarse de una enmienda inorg\u00e1nica de solubilidad lenta en el suelo y con el objeto de lograr los efectos deseados en un lapso de tiempo relativamente corto, entre ellos, la recuperaci\u00f3n y mejoramiento de los suelos \u00e1cidos (pH&lt;5.5), con baja fertilidad, se recomienda aplicarla unos 30-60 d\u00edas antes de la siembra, ojala durante la \u00e9poca de preparaci\u00f3n del suelo, con un contenido de humedad muy cercano a la capacidad de campo y procurando incorporarla homog\u00e9neamente al suelo para promover su solubilidad y facilitar la reacci\u00f3n e hidr\u00f3lisis de sus componentes qu\u00edmicos. En aquellos cultivos que requieran aplicaciones posteriores a la siembra, tales como la palma aceitera, el cacao, el caf\u00e9 ylos frutales, las dosis se deben calcular por sitio y aplicarla en corona o media luna alrededor de las plantas.<\/li>\n<li><strong>Dosis de Aplicaci\u00f3n.\u00a0<\/strong>Las dosis de aplicaci\u00f3n se deben ajustar a los an\u00e1lisis de suelos y a los requerimientos nutricionales de cada cultivo. Es conveniente resaltar que los resultados obtenidos en las Pruebas de Eficiencia Agron\u00f3mica realizadas en la casa-malla de FOSFONORTE S.A., utilizando el ma\u00edz como planta indicadora, as\u00ed como en las parcelas demostrativas desarrolladas en el cultivo de arroz con riego, las dosis optimas de aplicaci\u00f3n oscilaron entre 400 y 500 Kg\/Ha. Actualmente se est\u00e1n desarrollando varias parcelas demostrativas en el cultivo de la palma de aceite y, pr\u00f3ximamente, se incluir\u00e1n los cultivos m\u00e1s importantes de la zona, como el caf\u00e9, cacao, ca\u00f1a de az\u00facar, papa, yuca, pl\u00e1tano y pastos, con el fin de ajustar las dosis \u00f3ptimas para cada sistema de producci\u00f3n.<\/li>\n<li><strong>M\u00e9todos de Aplicaci\u00f3n.\u00a0<\/strong>Como ya se dijo, esta enmienda inorg\u00e1nica se debe aplicar en suelos \u00e1cidos (pH &lt; 5.5), con baja fertilidad y altas concentraciones de Al, Fe, y\/o Mn, unos 30-60 d\u00edas antes de la siembra o trasplante, al voleo y bien incorporada con el suelo, cuyas condiciones de humedad est\u00e9n cerca de la capacidad de campo, para asegurar su eficiencia. Aplicaciones posteriores a la siembra o trasplante dependen del cultivo; por ejemplo, en cultivos densos se debe aplicar al voleo; en cultivos sembrados en surcos, en bandas a lo largo del surco y en cultivos semipermanentes y permanentes sembrados en cuadro o triangulo, alrededor de las plantas, al voleo, en corona o media luna.<\/li>\n<\/ul>\n<!-- AddThis Advanced Settings generic via filter on the_content --><!-- AddThis Share Buttons generic via filter on the_content -->","protected":false},"excerpt":{"rendered":"<h3>P, Ca, Mg y Si<\/h3>\n<p>Registro de Venta ICA. N\u00b0 7522<\/p>\n<p><strong>Uso y manejo:<\/strong>\u00a0Recomendado para recuperar y mejorar suelos \u00e1cidos (pH&lt;5.5) deficientes en P, Ca, Mg y Si.<\/p>\n<p><strong>Dosis de aplicaci\u00f3n:<\/strong>\u00a0200-400 Kg\/Ha de acuerdo con los an\u00e1lisis de suelos y los requerimientos nutricionales de los cultivos.<\/p>\n<p>&nbsp;<\/p>\n<ul>\n<li>\n<h3>Empaque: Bultos de 50 Kg.<\/h3>\n<\/li>\n<\/ul>\n<p><!-- AddThis Advanced Settings generic via filter on get_the_excerpt --><!-- AddThis Share Buttons generic via filter on get_the_excerpt --><\/p>\n","protected":false},"featured_media":1183,"comment_status":"open","ping_status":"closed","template":"","meta":[],"product_brand":[],"product_cat":[130],"product_tag":[],"class_list":{"0":"post-1176","1":"product","2":"type-product","3":"status-publish","4":"has-post-thumbnail","6":"product_cat-productos","8":"first","9":"instock","10":"shipping-taxable","11":"purchasable","12":"product-type-simple"},"_links":{"self":[{"href":"https:\/\/fosfonorte.com\/web\/wp-json\/wp\/v2\/product\/1176","targetHints":{"allow":["GET"]}}],"collection":[{"href":"https:\/\/fosfonorte.com\/web\/wp-json\/wp\/v2\/product"}],"about":[{"href":"https:\/\/fosfonorte.com\/web\/wp-json\/wp\/v2\/types\/product"}],"replies":[{"embeddable":true,"href":"https:\/\/fosfonorte.com\/web\/wp-json\/wp\/v2\/comments?post=1176"}],"wp:featuredmedia":[{"embeddable":true,"href":"https:\/\/fosfonorte.com\/web\/wp-json\/wp\/v2\/media\/1183"}],"wp:attachment":[{"href":"https:\/\/fosfonorte.com\/web\/wp-json\/wp\/v2\/media?parent=1176"}],"wp:term":[{"taxonomy":"product_brand","embeddable":true,"href":"https:\/\/fosfonorte.com\/web\/wp-json\/wp\/v2\/product_brand?post=1176"},{"taxonomy":"product_cat","embeddable":true,"href":"https:\/\/fosfonorte.com\/web\/wp-json\/wp\/v2\/product_cat?post=1176"},{"taxonomy":"product_tag","embeddable":true,"href":"https:\/\/fosfonorte.com\/web\/wp-json\/wp\/v2\/product_tag?post=1176"}],"curies":[{"name":"wp","href":"https:\/\/api.w.org\/{rel}","templated":true}]}}