{"id":1186,"date":"2020-06-26T00:12:27","date_gmt":"2020-06-26T05:12:27","guid":{"rendered":"https:\/\/fosfonorte.com\/web\/?post_type=product&#038;p=1186"},"modified":"2026-04-04T08:04:03","modified_gmt":"2026-04-04T13:04:03","slug":"fosfoabono-organomineral","status":"publish","type":"product","link":"https:\/\/fosfonorte.com\/web\/product\/fosfoabono-organomineral\/","title":{"rendered":"Fosfoabono Organomineral"},"content":{"rendered":"<p><strong>CARACTERISTICAS FISICAS Y QUIMICAS:<\/strong><\/p>\n<p>Es un fertilizante o abono organomineral, en forma de polvo, de uso agr\u00edcola, para aplicaci\u00f3n al suelo, cuyas altas concentraciones de Calcio (CaO) y Fosforo (P2O5) y moderados aportes de Nitr\u00f3geno (N), Azufre (SO4=) y Materia Org\u00e1nica (M.O.), permiten recomendarlo como una fuente nutricional muy eficiente para corregir las deficiencias de estos nutrientes esenciales para las plantas, en cualquier suelo y cultivo y para mejorar las propiedades f\u00edsicas, qu\u00edmicas y biol\u00f3gicas de los suelos agr\u00edcolas. Es muy importante se\u00f1alar que el calcio (Ca) incrementa el vigor de las plantas; endurece los tejidos; promueve la s\u00edntesis de las prote\u00ednas y la absorci\u00f3n y utilizaci\u00f3n del magnesio, potasio y boro; estimula la producci\u00f3n de granos y semillas y mejora la calidad de los productos alimenticios. El fosforo (P) interviene en el metabolismo de los azucares y el almid\u00f3n por las por las especies vegetales; promueve la formaci\u00f3n del n\u00facleo durante la divisi\u00f3n celular; facilita la elaboraci\u00f3n de albuminas y grasas y es necesario para la transmisi\u00f3n de factores hereditarios. As\u00ed mismo, el fosforo estimula el desarrollo radicular, la floraci\u00f3n y la maduraci\u00f3n de los frutos y forma parte de las prote\u00ednas, enzimas, nucleoprote\u00ednas, los \u00e1cidos nucleicos y los fosfol\u00edpidos. El azufre (SO4=) es muy importante para la formaci\u00f3n de los amino\u00e1cidos y las prote\u00ednas que contienen azufre; propicia la formaci\u00f3n de los n\u00f3dulos en las leguminosas; es un componente esencial de algunas vitaminas y enzimas y estimula el desarrollo radicular y el vigor de las plantas.<\/p>\n<p>Es conveniente destacar que, adem\u00e1s de los altos aportes de calcio y fosforo, el suministro adicional de nitr\u00f3geno, azufre y materia org\u00e1nica es muy importante, si se tiene en cuenta que estos nutrientes esenciales para las plantas generalmente se encuentran deficientes en la mayor\u00eda de los suelos agr\u00edcolas de la regi\u00f3n y el pa\u00eds. De otro lado, el componente org\u00e1nico de este abono organomineral mejora las propiedades f\u00edsicas, qu\u00edmicas y biol\u00f3gicas del suelo y, por ende, su potencial productivo.<\/p>\n<p><strong>DESCRIPCI\u00d3N DEL PRODUCTO<\/strong><\/p>\n<ul>\n<li><strong>Fuentes Minerales:<\/strong> Roca fosf\u00f3rica carbonatada de Sardinata con un 40% de Calcio Total (CaO) y 20% de Fosforo Total (P2O5), Sulfato de Amonio con un contenido del 21% de Nitr\u00f3geno (N) y 25% de Azufre (SO4=) y Abono Organico (A.O.) resultante de un proceso de compostaje microbial aer\u00f3bico de la mezcla entre bobinaza y fibra de palma aceitera, en proporciones iguales.<\/li>\n<li><strong>Usos:<\/strong> Es un Abono Organomineral que se puede utilizar en cualquier suelo y cultivo como fuente nutricional de nitr\u00f3geno, fosforo, calcio y azufre, as\u00ed como para mejorar las propiedades f\u00edsicas, qu\u00edmicas y biol\u00f3gicas de los suelos.<\/li>\n<li><strong>Nutrientes que Aporta:<\/strong> Nitr\u00f3geno, Fosforo, Calcio y Azufre.<\/li>\n<li><strong>Estafo F\u00edsico:<\/strong> Polvo<\/li>\n<li><strong>Color:<\/strong> Gris\u00e1ceo<\/li>\n<li><strong>pH:<\/strong> Cercano a la Neutralidad<\/li>\n<li><strong>Humedad M\u00e1xima:<\/strong> 15.4%<\/li>\n<li><strong>Registro ICA:<\/strong> En Proceso<\/li>\n<li><strong>Registro de Marca del Producto.<\/strong> Fosfoabono Inorg\u00e1nico con N, P, Ca y S producido y comercializado por la empresa FOSFONORTE S.A.<\/li>\n<\/ul>\n<p><strong>MODO DE EMPLEO<\/strong><\/p>\n<ul>\n<li><strong>\u00c9poca de Aplicaci\u00f3n.<\/strong> Por tratarse de un abono organomineral de moderada solubilidad en el suelo y con el prop\u00f3sito de lograr los efectos deseados en un lapso de tiempo relativamente corto, como portador de calcio, fosforo, azufre y nitr\u00f3geno, se recomienda aplicarlo al voleo, antes o al momento de la siembra o trasplante, bien incorporado con el suelo, cuando su contenido de humedad se encuentre cerca a la capacidad de campo. En caso de aplicarse despu\u00e9s de la siembra o trasplante, se recomienda tener en cuenta el sistema de siembra del cultico y las \u00e9pocas de mayor absorci\u00f3n de nutrientes.<\/li>\n<li><strong>Dosis de Aplicaci\u00f3n.<\/strong> Las dosis de aplicaci\u00f3n se deben ajustar a los an\u00e1lisis del suelo y a los requerimientos nutricionales de cada cultivo, pero de acuerdo con los resultados obtenidos en las Pruebas de Eficiencia Agron\u00f3mica y las parcelas demostrativas realizadas en el cultivo de arroz bajo riego, los niveles de aplicaci\u00f3n recomendados oscilan entre 300 y 400 Kg\/Ha. Pr\u00f3ximamente se desarrollaran parcelas demostrativas en los cultivos m\u00e1s importantes de la zona, tales como la palma de aceite, caf\u00e9, cacao, ca\u00f1a de az\u00facar, papa, yuca, pl\u00e1tano y pastos, con el fin de ajustar las dosis \u00f3ptimas para cada sistema de producci\u00f3n.<\/li>\n<li><strong>M\u00e9todos de Aplicaci\u00f3n.<\/strong> El m\u00e9todo o forma de aplicaci\u00f3n depende del sistema de siembra del cultivo. En general, se recomienda aplicarlo al voleo, antes o al momento de la siembra o trasplante, procurando que quede bien incorporado con el suelo, en condiciones de humedad cercanas a su capacidad de campo. En los cultivos permanentes sembrados en cuadro o en triangulo, la dosis total se debe fraccionar en dos \u00e9pocas que coincidan con el inicio de la lluvias. La aplicaci\u00f3n debe hacerse alrededor de las plantas, al voleo, en corona o media luna. Cuando se requiera adicionar en cultivos transitorios y densos, despu\u00e9s de la siembra, el m\u00e9todo de aplicaci\u00f3n es al voleo y en cultivos sembrados en surcos, en bandas a lo largo de los surcos.<\/li>\n<\/ul>\n<p><strong>EFICIENCIA AGRONOMICA<\/strong><\/p>\n<p>Anexo al presente se incluye un informe t\u00e9cnico resumido sobre los resultados m\u00e1s relevantes obtenidos en las Pruebas de Eficiencia Agron\u00f3mica desarrolladas en la casa-malla de la empresa FOSFONORTE S.A., durante los a\u00f1os 2.010 y 2.011, utilizando como planta indicadora el ma\u00edz, variedad ICA V-109.<\/p>\n<p><strong>ALMACENAMIENTO Y TRANSPORTE<\/strong><\/p>\n<p>Las instalaciones de la planta de producci\u00f3n de la empresa FOSFONORTE S.A., disponen de amplias bodegas de almacenamiento, tanto para las materias primas como para los nuevos productos (enmiendas y abonos inorg\u00e1nicos y organominerales) que cumplen con los requerimientos t\u00e9cnicos recomendados para el almacenamiento de estos productos sobre estibas de madera. As\u00ed mismo, FOSFONORTE S.A. dispone en estas instalaciones de un lote con f\u00e1cil acceso y de tama\u00f1o adecuado para realizar la carga y el manipuleo de estos materiales.<\/p>\n<!-- AddThis Advanced Settings generic via filter on the_content --><!-- AddThis Share Buttons generic via filter on the_content -->","protected":false},"excerpt":{"rendered":"<h3>N, P, Ca, S y Abono Org\u00e1nico<\/h3>\n<p>Registro de Venta ICA. N\u00b0 7529<\/p>\n<p><strong>Uso y manejo:<\/strong>\u00a0Recomendado como fuente nutricional en suelos deficientes en M.O., N, P, Ca, y S. Especialmente formulado para fertilizar pastos de corte y pastoreo.<\/p>\n<p><strong>Dosis de aplicaci\u00f3n:<\/strong>\u00a0200-400 Kg\/Ha de acuerdo con los an\u00e1lisis de suelos y los requerimientos nutricionales de los cultivos.<\/p>\n<p>&nbsp;<\/p>\n<ul>\n<li>\n<h3>Empaque: Bultos de 50 Kg.<\/h3>\n<\/li>\n<\/ul>\n<p><!-- AddThis Advanced Settings generic via filter on get_the_excerpt --><!-- AddThis Share Buttons generic via filter on get_the_excerpt --><\/p>\n","protected":false},"featured_media":1187,"comment_status":"open","ping_status":"closed","template":"","meta":[],"product_brand":[],"product_cat":[130],"product_tag":[],"class_list":{"0":"post-1186","1":"product","2":"type-product","3":"status-publish","4":"has-post-thumbnail","6":"product_cat-productos","8":"first","9":"instock","10":"shipping-taxable","11":"purchasable","12":"product-type-simple"},"_links":{"self":[{"href":"https:\/\/fosfonorte.com\/web\/wp-json\/wp\/v2\/product\/1186","targetHints":{"allow":["GET"]}}],"collection":[{"href":"https:\/\/fosfonorte.com\/web\/wp-json\/wp\/v2\/product"}],"about":[{"href":"https:\/\/fosfonorte.com\/web\/wp-json\/wp\/v2\/types\/product"}],"replies":[{"embeddable":true,"href":"https:\/\/fosfonorte.com\/web\/wp-json\/wp\/v2\/comments?post=1186"}],"wp:featuredmedia":[{"embeddable":true,"href":"https:\/\/fosfonorte.com\/web\/wp-json\/wp\/v2\/media\/1187"}],"wp:attachment":[{"href":"https:\/\/fosfonorte.com\/web\/wp-json\/wp\/v2\/media?parent=1186"}],"wp:term":[{"taxonomy":"product_brand","embeddable":true,"href":"https:\/\/fosfonorte.com\/web\/wp-json\/wp\/v2\/product_brand?post=1186"},{"taxonomy":"product_cat","embeddable":true,"href":"https:\/\/fosfonorte.com\/web\/wp-json\/wp\/v2\/product_cat?post=1186"},{"taxonomy":"product_tag","embeddable":true,"href":"https:\/\/fosfonorte.com\/web\/wp-json\/wp\/v2\/product_tag?post=1186"}],"curies":[{"name":"wp","href":"https:\/\/api.w.org\/{rel}","templated":true}]}}