{"id":1190,"date":"2020-06-26T00:17:15","date_gmt":"2020-06-26T05:17:15","guid":{"rendered":"https:\/\/fosfonorte.com\/web\/?post_type=product&#038;p=1190"},"modified":"2025-10-18T15:49:22","modified_gmt":"2025-10-18T20:49:22","slug":"fosfoabono-organomineral-2","status":"publish","type":"product","link":"https:\/\/fosfonorte.com\/web\/product\/fosfoabono-organomineral-2\/","title":{"rendered":"Fosfoabono Organomineral"},"content":{"rendered":"<p><strong>CARACTERISTICAS FISICAS Y QUIMICAS:<\/strong><\/p>\n<p>Es un Fertilizante o Abono Organomineral, en forma de polvo, de uso agr\u00edcola para aplicaci\u00f3n al suelo, cuyos altos contenidos de Calcio (CaO), Magnesio (MgO), Fosforo (P2O5), S\u00edlice (SiO2) y el aporte de Materia Org\u00e1nica (M.O.) permiten recomendarlo para recuperar, mejorar y mantener el nivel de fertilidad y el potencial de producci\u00f3n de los suelos \u00e1cidos, con pHs menores de 5.5, y que presenten severas deficiencias de estos nutrientes esenciales para las plantas y niveles moderados de aluminio (Al), hierro (Fe) y\/o manganeso (Mn). Es muy importante destacar que el calcio (Ca) es un nutriente fundamental para incrementar el vigor y el endurecimiento de los tejidos de las plantas; la s\u00edntesis de las prote\u00ednas; la absorci\u00f3n y utilizaci\u00f3n del magnesio, potasio y boro; la producci\u00f3n de granos y semillas y la calidad de los productos alimenticios. El magnesio (Mg) es el \u00fanico mineral que forma parte de la mol\u00e9cula de la clorofila; interviene en el transporte y favorece el metabolismo del fosforo; activa numerosos sistemas enzim\u00e1ticos y propicia la formaci\u00f3n de aceites y grasas en los productos vegetales. El fosforo (P) participa en la utilizaci\u00f3n de azucares y el almid\u00f3n en las plantas, en la formaci\u00f3n del n\u00facleo durante la divisi\u00f3n celular, en la elaboraci\u00f3n de las grasas y albuminas y en la transmisi\u00f3n de los factores hereditarios. As\u00ed mismo, estimula el desarrollo radicular, la floraci\u00f3n y la maduraci\u00f3n de los frutos y forma parte de las prote\u00ednas, enzimas, el \u00e1cido fitico, los \u00e1cidos nucleicos, la fitina, las nucleoprote\u00ednas y los fosfol\u00edpidos. De otro lado, el silicio (Si) contribuye a neutralizar los efectos t\u00f3xicos del hierro, el aluminio y\/o el manganeso presentes en altas concentraciones en los suelos \u00e1cidos, promueve el endurecimiento de las c\u00e9lulas y los tejidos vegetales, lo cual, induce resistencia de las plantas contra las plagas y las enfermedades.<\/p>\n<p>Otra caracter\u00edstica relevante de este abono organomineral es su valioso aporte de materia org\u00e1nica (M.O.), cuyo efecto primordial es el mejoramiento y conservaci\u00f3n de las propiedades f\u00edsicas, qu\u00edmicas y biol\u00f3gicas de los suelos agr\u00edcolas y, por ende, al incremento y mantenimiento de su potencial productivo. Conviene se\u00f1alar que la solubilidad de este abono organomineral en los suelos es relativamente lenta, por lo cual, es muy importante tener en cuenta la \u00e9poca de aplicaci\u00f3n, la humedad del suelo y la distribuci\u00f3n del producto en el campo para garantizar los resultados esperados, entre los cuales se pueden mencionar el incremento del pH; la correcci\u00f3n de las deficiencias de calcio, magnesio y fosforo; la neutralizaci\u00f3n del aluminio, hierro y manganeso; el aporte de nitr\u00f3geno, el aumento de la actividad microbiol\u00f3gica de los suelos, el restablecimiento del balance nutricional, todo lo cual se traduce en la recuperaci\u00f3n y el mejoramiento del potencial productivo de los suelos agr\u00edcolas.<\/p>\n<p><strong>DESCRIPCI\u00d3N DEL PRODUCTO<\/strong><\/p>\n<ul>\n<li><strong>Fuentes Minerales:\u00a0<\/strong>Roca fosf\u00f3rica carbonatada de Sardinata que contiene un 40% de calcio total (CaO) y 20% de fosforo total (P2O5), silicato de magnesio o serpentina con 30% de magnesio total (MgO) y 30% de silicio (SiO2) y abono org\u00e1nico. El silicato de magnesio o serpentina es un mineral natural originario del departamento de Antioquia y comercializado por la empresa Magnesios Heliconia S.A., con registro ICA No 6037 y el abono org\u00e1nico es un producto resultante del compostaje microbiol\u00f3gico aer\u00f3bico de una mezcla de bobina y fibra de palma aceitera, en partes iguales.<\/li>\n<li><strong>Usos:\u00a0<\/strong>Es un abono organomineral que se puede utilizar recuperar, conservar y mejorar la fertilidad y el potencial productivo de los suelos \u00e1cidos, con baja fertilidad y deficientes en materia org\u00e1nica.<\/li>\n<li><strong>Nutrientes que Aporta:\u00a0<\/strong>Calcio, Magnesio, Fosforo, S\u00edlice y Nitr\u00f3geno.<\/li>\n<li><strong>Estafo F\u00edsico:\u00a0<\/strong>Polvo<\/li>\n<li><strong>Color:\u00a0<\/strong>Gris\u00e1ceo<\/li>\n<li><strong>pH:\u00a0<\/strong>7.7<\/li>\n<li><strong>Humedad M\u00e1xima:<\/strong> 24.9%<\/li>\n<li><strong>Registro ICA:<\/strong> En Proceso<\/li>\n<li><strong>Registro de Marca del Producto:<\/strong> Fosfoabono Organomineral producido y comercializado por la empresa FOSFONORTE S.A.<\/li>\n<\/ul>\n<p><strong>MODO DE EMPLEO<\/strong><\/p>\n<ul>\n<li><strong>\u00c9poca de Aplicaci\u00f3n.<\/strong> Por tratarse de un fertilizante o abono organomineral de lenta solubilidad en los suelos y con el prop\u00f3sito de lograr los efectos deseados en un tiempo relativamente corto, como son la recuperaci\u00f3n y el mejoramiento de los suelos \u00e1cidos con pH&lt;5.5, bajos contenidos de Materia Org\u00e1nica (M.O.), baja Capacidad de Intercambio Cationico (CIC) y baja fertilidad, se recomienda su aplicaci\u00f3n unos 30-60 antes de la siembra o trasplante, durante la \u00e9poca de preparaci\u00f3n del suelo, con un contenido de humedad cercano a la capacidad de campo, procurando que quede bien incorporado con el suelo para promover su solubilidad y facilitar la reacci\u00f3n e hidr\u00f3lisis de sus componentes qu\u00edmicos. En aquellos cultivos que requieran aplicaciones posteriores a la siembra o trasplante, como la palma aceitera, el cacao, el caf\u00e9, los frutales y el pl\u00e1tano, las dosis se deben calcular por sitio y aplicarla en corona o media luna alrededor de las plantas.<\/li>\n<li><strong>Dosis de Aplicaci\u00f3n.<\/strong> Las dosis de aplicaci\u00f3n se deben ajustar a los an\u00e1lisis del suelo y a los requerimientos nutricionales de cada cultivo. Sin embargo, los resultados obtenidos en las Pruebas de Eficiencia Agron\u00f3mica realizadas en la casa-malla de la empresa FOSFONORTE S.A., utilizando el ma\u00edz como cultivo indicador y en las parcelas demostrativas desarrolladas en arroz bajo riego, las dosis de aplicaci\u00f3n m\u00e1s apropiadas oscilaron entre los 400 y 500 Kg\/Ha. En la actualidad se est\u00e1n desarrollando parcelas demostrativas con el cultivo de la palma de aceite y, pr\u00f3ximamente, se incluir\u00e1n los cultivos m\u00e1s importantes de la zona como el caf\u00e9, cacao, ca\u00f1a de az\u00facar, papa, yuca, pl\u00e1tano y pastos, con el fin de ajustar las dosis \u00f3ptimas para cada sistema de producci\u00f3n.<\/li>\n<li><strong>M\u00e9todos de Aplicaci\u00f3n.<\/strong> Como ya se dijo, este abono organomineral se debe aplicar en suelos \u00e1cidos, con pHs menores de 5.5, baja fertilidad y moderadas concentraciones de Al, Fe, y\/o Mn, aproximadamente unos 30-60 d\u00edas antes de la siembra, al voleo y procurando que quede bien incorporado con el suelo, en condiciones de humedad muy cercanas a la capacidad de campo. Aplicaciones posteriores a la siembra o trasplante dependen del cultivo; por ejemplo, en cultivos transitorios densos se debe aplicar al voleo, en cultivos sembrados en surcos, en bandas a lo largo de los surcos y en cultivos semipermanentes y permanentes sembrados en cuadro o triangulo, se debe incorporar al voleo, en corona o media luna alrededor de las plantas.<\/li>\n<\/ul>\n<p><strong>EFICIENCIA AGRONOMICA.<\/strong><\/p>\n<p>Anexo al presente se incluye un informe t\u00e9cnico donde se presentan los resultados m\u00e1s relevantes obtenidos en las Pruebas de Eficiencia Agron\u00f3mica realizadas en la casa-malla de la empresa FOSFONORTE S.A., durante los a\u00f1os 2.010 y 2.011, siguiendo el m\u00e9todo cient\u00edfico y utilizando como planta indicadora el ma\u00edz, variedad ICA V-109.<\/p>\n<p><strong>ALMACENAMIENTO Y TRANSPORTE<\/strong><\/p>\n<p>Las instalaciones de la planta de producci\u00f3n de la empresa FOSFONORTE S.A., disponen de amplias bodegas de almacenamiento, tanto para las materias primas como para los nuevos productos, estos es, las enmiendas inorg\u00e1nicas y abonos inorg\u00e1nicos y organominerales, las cuales cumplen con los requerimientos t\u00e9cnicos recomendados para almacenar, con seguridad, este tipo de productos sobre estibas de madera. As\u00ed mismo, la empresa FOSFONORTE S.A. dispone en estas instalaciones de un lote que tiene f\u00e1cil acceso y tama\u00f1o adecuado para realizar el manipuleo y las labores de carga y descarga de estos materiales.<\/p>\n<!-- AddThis Advanced Settings generic via filter on the_content --><!-- AddThis Share Buttons generic via filter on the_content -->","protected":false},"excerpt":{"rendered":"<h3>P, Ca, Mg, Si y Abono Org\u00e1nico<\/h3>\n<p>Registro de Venta ICA. N\u00b0 7523<\/p>\n<p><strong>Uso y manejo:<\/strong>\u00a0Recomendado para recuperar y mejorar suelos \u00e1cidos (pH&lt;5.5) deficientes en M.O., P, Ca, Mg y Si.<\/p>\n<p><strong>Dosis de aplicaci\u00f3n:<\/strong>\u00a0300-500 Kg\/Ha de acuerdo con los an\u00e1lisis de suelos y los requerimientos nutricionales de los cultivos.<\/p>\n<p>&nbsp;<\/p>\n<ul>\n<li>\n<h3>Empaque: Bultos de 50 Kg.<\/h3>\n<\/li>\n<\/ul>\n<p><!-- AddThis Advanced Settings generic via filter on get_the_excerpt --><!-- AddThis Share Buttons generic via filter on get_the_excerpt --><\/p>\n","protected":false},"featured_media":1191,"comment_status":"open","ping_status":"closed","template":"","meta":[],"product_brand":[],"product_cat":[130],"product_tag":[],"class_list":{"0":"post-1190","1":"product","2":"type-product","3":"status-publish","4":"has-post-thumbnail","6":"product_cat-productos","8":"first","9":"instock","10":"shipping-taxable","11":"purchasable","12":"product-type-simple"},"_links":{"self":[{"href":"https:\/\/fosfonorte.com\/web\/wp-json\/wp\/v2\/product\/1190","targetHints":{"allow":["GET"]}}],"collection":[{"href":"https:\/\/fosfonorte.com\/web\/wp-json\/wp\/v2\/product"}],"about":[{"href":"https:\/\/fosfonorte.com\/web\/wp-json\/wp\/v2\/types\/product"}],"replies":[{"embeddable":true,"href":"https:\/\/fosfonorte.com\/web\/wp-json\/wp\/v2\/comments?post=1190"}],"wp:featuredmedia":[{"embeddable":true,"href":"https:\/\/fosfonorte.com\/web\/wp-json\/wp\/v2\/media\/1191"}],"wp:attachment":[{"href":"https:\/\/fosfonorte.com\/web\/wp-json\/wp\/v2\/media?parent=1190"}],"wp:term":[{"taxonomy":"product_brand","embeddable":true,"href":"https:\/\/fosfonorte.com\/web\/wp-json\/wp\/v2\/product_brand?post=1190"},{"taxonomy":"product_cat","embeddable":true,"href":"https:\/\/fosfonorte.com\/web\/wp-json\/wp\/v2\/product_cat?post=1190"},{"taxonomy":"product_tag","embeddable":true,"href":"https:\/\/fosfonorte.com\/web\/wp-json\/wp\/v2\/product_tag?post=1190"}],"curies":[{"name":"wp","href":"https:\/\/api.w.org\/{rel}","templated":true}]}}