{"id":1194,"date":"2020-06-26T00:23:06","date_gmt":"2020-06-26T05:23:06","guid":{"rendered":"https:\/\/fosfonorte.com\/web\/?post_type=product&#038;p=1194"},"modified":"2026-01-12T06:35:58","modified_gmt":"2026-01-12T11:35:58","slug":"fosfoabono-25","status":"publish","type":"product","link":"https:\/\/fosfonorte.com\/web\/product\/fosfoabono-25\/","title":{"rendered":"Fosfoabono 25%"},"content":{"rendered":"<p><strong>CARACTERISTICAS FISICAS Y QUIMICAS:<\/strong><\/p>\n<p>Es un fertilizante para aplicaci\u00f3n directa al suelo, elaborado con roca fosf\u00f3rica molida con contenido de fosforo total (P2O5) del 25 y calcio (CaO) de 30% plenamente garantizado mediante an\u00e1lisis sistem\u00e1ticos en todos los procesos de producci\u00f3n desde su explotaci\u00f3n en mina hasta su procesamiento en la planta de molienda.<\/p>\n<p>En las leguminosas; es un componente esencial de algunas vitaminas y enzimas y estimula el desarrollo radicular y el vigor de las plantas.<br \/>\nEs conveniente destacar que, adem\u00e1s de los altos aportes de calcio y fosforo, el suministro adicional de nitr\u00f3geno, azufre y materia org\u00e1nica es muy importante, si se tiene en cuenta que estos nutrientes esenciales para las plantas generalmente se encuentran deficientes en la mayor\u00eda de los suelos agr\u00edcolas de la regi\u00f3n y el pa\u00eds.<\/p>\n<p><strong>DESCRIPCI\u00d3N DEL PRODUCTO<\/strong><\/p>\n<ul>\n<li><strong>Fuentes Minerales:<\/strong> Roca fosf\u00f3rica carbonatada de Sardinata con un 30% de Calcio Total (CaO) y 25% fosforo total (P2O5), y Humedad 5 %<\/li>\n<li><strong>Usos:<\/strong> Es un Abono fosfoabono que se puede utilizar en cualquier suelo y cultivo como fuente nutricional fosforo total, calcio y Humedad. as\u00ed como para mejorar las propiedades f\u00edsicas, qu\u00edmicas y biol\u00f3gicas de los suelos.<\/li>\n<li><strong>Nutrientes que Aporta:<\/strong> Fosforo, Calcio y Humedad<\/li>\n<li><strong>Estafo F\u00edsico:<\/strong> Polvo<\/li>\n<li><strong>Color:<\/strong> Gris\u00e1ceo<\/li>\n<li><strong>pH:<\/strong> Cercano a la Neutralidad<\/li>\n<li><strong>Humedad M\u00e1xima:<\/strong> 5%<\/li>\n<li><strong>Registro de Marca del Producto.<\/strong> Fosfoabono con N, P, K y CA producido y comercializado por la empresa FOSFONORTE S.A.<\/li>\n<\/ul>\n<p><strong>MODO DE EMPLEO<\/strong><\/p>\n<ul>\n<li><strong>\u00c9poca de Aplicaci\u00f3n.<\/strong> Por tratarse de un abono de moderada solubilidad en el suelo y con el prop\u00f3sito de lograr los efectos deseados en un lapso de tiempo relativamente corto, como portador de calcio, fosforo, humedad, se recomienda aplicarlo al voleo, antes o al momento de la siembra o trasplante, bien incorporado con el suelo, cuando su contenido de humedad se encuentre cerca a la capacidad de campo. En caso de aplicarse despu\u00e9s de la siembra o trasplante, se recomienda tener en cuenta el sistema de siembra del cultico y las \u00e9pocas de mayor absorci\u00f3n de nutrientes.<\/li>\n<li><strong>Dosis de Aplicaci\u00f3n.<\/strong> Las dosis de aplicaci\u00f3n se deben ajustar a los an\u00e1lisis del suelo y a los requerimientos nutricionales de cada cultivo, pero de acuerdo con los resultados obtenidos en las Pruebas de Eficiencia Agron\u00f3mica y las parcelas demostrativas realizadas en el cultivo de arroz bajo riego, los niveles de aplicaci\u00f3n recomendados oscilan entre 300 y 400 Kg\/Ha. Pr\u00f3ximamente se desarrollaran parcelas demostrativas en los cultivos m\u00e1s importantes de la zona, tales como la palma de aceite, caf\u00e9, cacao, ca\u00f1a de az\u00facar, papa, yuca, pl\u00e1tano y pastos, con el fin de ajustar las dosis \u00f3ptimas para cada sistema de producci\u00f3n.<\/li>\n<li><strong>M\u00e9todos de Aplicaci\u00f3n.<\/strong> El m\u00e9todo o forma de aplicaci\u00f3n depende del sistema de siembra del cultivo. En general, se recomienda aplicarlo al voleo, antes o al momento de la siembra o trasplante, procurando que quede bien incorporado con el suelo, en condiciones de humedad cercanas a su capacidad de campo. En los cultivos permanentes sembrados en cuadro o en triangulo, la dosis total se debe fraccionar en dos \u00e9pocas que coincidan con el inicio de la lluvias. La aplicaci\u00f3n debe hacerse alrededor de las plantas, al voleo, en corona o media luna. Cuando se requiera adicionar en cultivos transitorios y densos, despu\u00e9s de la siembra, el m\u00e9todo de aplicaci\u00f3n es al voleo y en cultivos sembrados en surcos, en bandas a lo largo de los surcos.<\/li>\n<\/ul>\n<p><strong>EFICIENCIA AGRONOMICA<\/strong><\/p>\n<p>Anexo al presente se incluye un informe t\u00e9cnico resumido sobre los resultados m\u00e1s relevantes obtenidos en las Pruebas de Eficiencia Agron\u00f3mica desarrolladas en la casa-malla de la empresa FOSFONORTE S.A., durante los a\u00f1os 2.010 y 2.011, utilizando como planta indicadora el ma\u00edz, variedad ICA V-109.<\/p>\n<p><strong>ALMACENAMIENTO Y TRANSPORTE<\/strong><\/p>\n<p>Las instalaciones de la planta de producci\u00f3n de la empresa FOSFONORTE S.A., disponen de amplias bodegas de almacenamiento, tanto para las materias primas como para los nuevos productos (enmiendas y abonos inorg\u00e1nicos y organominerales) que cumplen con los requerimientos t\u00e9cnicos recomendados para el almacenamiento de estos productos sobre estibas de madera. As\u00ed mismo, FOSFONORTE S.A. dispone en estas instalaciones de un lote con f\u00e1cil acceso y de tama\u00f1o adecuado para realizar la carga y el manipuleo de estos materiales.<\/p>\n<!-- AddThis Advanced Settings generic via filter on the_content --><!-- AddThis Share Buttons generic via filter on the_content -->","protected":false},"excerpt":{"rendered":"<p>Registro de Venta ICA. N\u00b0 835<\/p>\n<table class=\"egt\" style=\"height: 88px;\" width=\"316\">\n<tbody>\n<tr>\n<td style=\"text-align: center;\">\n<h3><strong>N<\/strong><\/h3>\n<\/td>\n<td style=\"text-align: center;\">\n<h3><strong>P<\/strong><\/h3>\n<\/td>\n<td style=\"text-align: center;\">\n<h3><strong>K<\/strong><\/h3>\n<\/td>\n<td style=\"text-align: center;\">\n<h3><strong>Ca<\/strong><\/h3>\n<\/td>\n<\/tr>\n<tr>\n<td style=\"text-align: center;\">\n<h3><strong>0<\/strong><\/h3>\n<\/td>\n<td style=\"text-align: center;\">\n<h3><strong>25<\/strong><\/h3>\n<\/td>\n<td style=\"text-align: center;\">\n<h3><strong>0<\/strong><\/h3>\n<\/td>\n<td style=\"text-align: center;\">\n<h3><strong>30<\/strong><\/h3>\n<\/td>\n<\/tr>\n<\/tbody>\n<\/table>\n<ul>\n<li>Granulometr\u00eda Malla -100:80%<\/li>\n<li>\n<h3>Empaque: Bultos de 50 Kg.<\/h3>\n<\/li>\n<\/ul>\n<p><!-- AddThis Advanced Settings generic via filter on get_the_excerpt --><!-- AddThis Share Buttons generic via filter on get_the_excerpt --><\/p>\n","protected":false},"featured_media":1195,"comment_status":"open","ping_status":"closed","template":"","meta":[],"product_brand":[],"product_cat":[130],"product_tag":[],"class_list":{"0":"post-1194","1":"product","2":"type-product","3":"status-publish","4":"has-post-thumbnail","6":"product_cat-productos","8":"first","9":"instock","10":"shipping-taxable","11":"purchasable","12":"product-type-simple"},"_links":{"self":[{"href":"https:\/\/fosfonorte.com\/web\/wp-json\/wp\/v2\/product\/1194","targetHints":{"allow":["GET"]}}],"collection":[{"href":"https:\/\/fosfonorte.com\/web\/wp-json\/wp\/v2\/product"}],"about":[{"href":"https:\/\/fosfonorte.com\/web\/wp-json\/wp\/v2\/types\/product"}],"replies":[{"embeddable":true,"href":"https:\/\/fosfonorte.com\/web\/wp-json\/wp\/v2\/comments?post=1194"}],"wp:featuredmedia":[{"embeddable":true,"href":"https:\/\/fosfonorte.com\/web\/wp-json\/wp\/v2\/media\/1195"}],"wp:attachment":[{"href":"https:\/\/fosfonorte.com\/web\/wp-json\/wp\/v2\/media?parent=1194"}],"wp:term":[{"taxonomy":"product_brand","embeddable":true,"href":"https:\/\/fosfonorte.com\/web\/wp-json\/wp\/v2\/product_brand?post=1194"},{"taxonomy":"product_cat","embeddable":true,"href":"https:\/\/fosfonorte.com\/web\/wp-json\/wp\/v2\/product_cat?post=1194"},{"taxonomy":"product_tag","embeddable":true,"href":"https:\/\/fosfonorte.com\/web\/wp-json\/wp\/v2\/product_tag?post=1194"}],"curies":[{"name":"wp","href":"https:\/\/api.w.org\/{rel}","templated":true}]}}