{"id":1198,"date":"2020-06-26T00:28:15","date_gmt":"2020-06-26T05:28:15","guid":{"rendered":"https:\/\/fosfonorte.com\/web\/?post_type=product&#038;p=1198"},"modified":"2026-04-18T18:46:06","modified_gmt":"2026-04-18T23:46:06","slug":"fertifoscal-30","status":"publish","type":"product","link":"https:\/\/fosfonorte.com\/web\/product\/fertifoscal-30\/","title":{"rendered":"Fertifoscal 30%"},"content":{"rendered":"<p>El Fertifoscal 30% es un producto con contenido de 30% de P2O5, 30% de Calcio lo que nos representa mayores aportes al suelo y econom\u00eda respecto a la calidad de sus contenidos.<br \/>\nEn Fosfonorte S.A. trabajamos d\u00eda a d\u00eda para garantizar la calidad de nuestros productos y para satisfacer las necesidades de nuestros clientes.<\/p>\n<p>Se recomienda aplicar los fertilizantes en los primeros estados del desarrollo del cultivo, es decir, desde antes de la siembra hasta la floraci\u00f3n. A partir de la Floraci\u00f3n los requerimientos nutricionales, como norma bajan especialmente para cultivos de ciclo corto. En el caso de f\u00f3sforo con excepci\u00f3n de suelos fuertemente \u00e1cidos donde la floraci\u00f3n es m\u00e1s alta, se recomienda hacer una sola aplicaci\u00f3n al momento de la siembra.<\/p>\n<!-- AddThis Advanced Settings generic via filter on the_content --><!-- AddThis Share Buttons generic via filter on the_content -->","protected":false},"excerpt":{"rendered":"<p>Registro de Venta ICA. N\u00b0 5642<\/p>\n<table class=\"egt\" style=\"height: 88px;\" width=\"316\">\n<tbody>\n<tr>\n<td style=\"text-align: center;\">\n<h3><strong>N<\/strong><\/h3>\n<\/td>\n<td style=\"text-align: center;\">\n<h3><strong>P<\/strong><\/h3>\n<\/td>\n<td style=\"text-align: center;\">\n<h3><strong>K<\/strong><\/h3>\n<\/td>\n<td style=\"text-align: center;\">\n<h3><strong>Ca<\/strong><\/h3>\n<\/td>\n<\/tr>\n<tr>\n<td style=\"text-align: center;\">\n<h3><strong>0<\/strong><\/h3>\n<\/td>\n<td style=\"text-align: center;\">\n<h3><strong>30<\/strong><\/h3>\n<\/td>\n<td style=\"text-align: center;\">\n<h3><strong>0<\/strong><\/h3>\n<\/td>\n<td style=\"text-align: center;\">\n<h3><strong>43<\/strong><\/h3>\n<\/td>\n<\/tr>\n<\/tbody>\n<\/table>\n<ul>\n<li>Granulometr\u00eda malla -100: 80 %<\/li>\n<li>\n<h3>Empaque: Bultos de 50 Kg.<\/h3>\n<\/li>\n<\/ul>\n<p><!-- AddThis Advanced Settings generic via filter on get_the_excerpt --><!-- AddThis Share Buttons generic via filter on get_the_excerpt --><\/p>\n","protected":false},"featured_media":1199,"comment_status":"open","ping_status":"closed","template":"","meta":[],"product_brand":[],"product_cat":[130],"product_tag":[],"class_list":{"0":"post-1198","1":"product","2":"type-product","3":"status-publish","4":"has-post-thumbnail","6":"product_cat-productos","8":"first","9":"instock","10":"shipping-taxable","11":"purchasable","12":"product-type-simple"},"_links":{"self":[{"href":"https:\/\/fosfonorte.com\/web\/wp-json\/wp\/v2\/product\/1198","targetHints":{"allow":["GET"]}}],"collection":[{"href":"https:\/\/fosfonorte.com\/web\/wp-json\/wp\/v2\/product"}],"about":[{"href":"https:\/\/fosfonorte.com\/web\/wp-json\/wp\/v2\/types\/product"}],"replies":[{"embeddable":true,"href":"https:\/\/fosfonorte.com\/web\/wp-json\/wp\/v2\/comments?post=1198"}],"wp:featuredmedia":[{"embeddable":true,"href":"https:\/\/fosfonorte.com\/web\/wp-json\/wp\/v2\/media\/1199"}],"wp:attachment":[{"href":"https:\/\/fosfonorte.com\/web\/wp-json\/wp\/v2\/media?parent=1198"}],"wp:term":[{"taxonomy":"product_brand","embeddable":true,"href":"https:\/\/fosfonorte.com\/web\/wp-json\/wp\/v2\/product_brand?post=1198"},{"taxonomy":"product_cat","embeddable":true,"href":"https:\/\/fosfonorte.com\/web\/wp-json\/wp\/v2\/product_cat?post=1198"},{"taxonomy":"product_tag","embeddable":true,"href":"https:\/\/fosfonorte.com\/web\/wp-json\/wp\/v2\/product_tag?post=1198"}],"curies":[{"name":"wp","href":"https:\/\/api.w.org\/{rel}","templated":true}]}}